{"id":10365,"date":"2024-06-11T14:33:22","date_gmt":"2024-06-11T12:33:22","guid":{"rendered":"https:\/\/dragonflip.com\/?page_id=10365"},"modified":"2024-06-11T15:26:59","modified_gmt":"2024-06-11T13:26:59","slug":"pressemitteilung-lana-kk","status":"publish","type":"page","link":"https:\/\/dragonflip.com\/de\/pressemitteilung-lana-kk\/","title":{"rendered":"Pressemitteilung Lana KK"},"content":{"rendered":"\t\t<div data-elementor-type=\"wp-page\" data-elementor-id=\"10365\" class=\"elementor elementor-10365\" data-elementor-post-type=\"page\">\n\t\t\t\t\t\t<section class=\"elementor-section elementor-top-section elementor-element elementor-element-f664664 elementor-section-boxed elementor-section-height-default elementor-section-height-default\" data-id=\"f664664\" data-element_type=\"section\" data-e-type=\"section\">\n\t\t\t\t\t\t<div class=\"elementor-container elementor-column-gap-default\">\n\t\t\t\t\t<div class=\"elementor-column elementor-col-100 elementor-top-column elementor-element elementor-element-72d5660\" data-id=\"72d5660\" data-element_type=\"column\" data-e-type=\"column\">\n\t\t\t<div class=\"elementor-widget-wrap elementor-element-populated\">\n\t\t\t\t\t\t<div class=\"elementor-element elementor-element-921e6fa elementor-widget elementor-widget-image\" data-id=\"921e6fa\" data-element_type=\"widget\" data-e-type=\"widget\" data-widget_type=\"image.default\">\n\t\t\t\t<div class=\"elementor-widget-container\">\n\t\t\t\t\t\t\t\t\t\t\t\t\t\t\t<img fetchpriority=\"high\" decoding=\"async\" width=\"300\" height=\"300\" src=\"https:\/\/dragonflip.com\/wp-content\/uploads\/2024\/06\/Lana-KK-Pressemitteilung-300x300.png\" class=\"attachment-medium size-medium wp-image-10367\" alt=\"\" srcset=\"https:\/\/dragonflip.com\/wp-content\/uploads\/2024\/06\/Lana-KK-Pressemitteilung-300x300.png 300w, https:\/\/dragonflip.com\/wp-content\/uploads\/2024\/06\/Lana-KK-Pressemitteilung-1024x1024.png 1024w, https:\/\/dragonflip.com\/wp-content\/uploads\/2024\/06\/Lana-KK-Pressemitteilung-150x150.png 150w, https:\/\/dragonflip.com\/wp-content\/uploads\/2024\/06\/Lana-KK-Pressemitteilung-768x768.png 768w, https:\/\/dragonflip.com\/wp-content\/uploads\/2024\/06\/Lana-KK-Pressemitteilung.png 1080w\" sizes=\"(max-width: 300px) 100vw, 300px\" \/>\t\t\t\t\t\t\t\t\t\t\t\t\t\t\t<\/div>\n\t\t\t\t<\/div>\n\t\t\t\t\t<\/div>\n\t\t<\/div>\n\t\t\t\t\t<\/div>\n\t\t<\/section>\n\t\t\t\t<section class=\"elementor-section elementor-top-section elementor-element elementor-element-03fbf20 elementor-section-boxed elementor-section-height-default elementor-section-height-default\" data-id=\"03fbf20\" data-element_type=\"section\" data-e-type=\"section\">\n\t\t\t\t\t\t<div class=\"elementor-container elementor-column-gap-default\">\n\t\t\t\t\t<div class=\"elementor-column elementor-col-100 elementor-top-column elementor-element elementor-element-7c1ab57\" data-id=\"7c1ab57\" data-element_type=\"column\" data-e-type=\"column\">\n\t\t\t<div class=\"elementor-widget-wrap elementor-element-populated\">\n\t\t\t\t\t\t<div class=\"elementor-element elementor-element-0600cf8 elementor-widget elementor-widget-heading\" data-id=\"0600cf8\" data-element_type=\"widget\" data-e-type=\"widget\" data-widget_type=\"heading.default\">\n\t\t\t\t<div class=\"elementor-widget-container\">\n\t\t\t\t\t<h2 class=\"elementor-heading-title elementor-size-default\">Pressemitteilung<\/h2>\t\t\t\t<\/div>\n\t\t\t\t<\/div>\n\t\t\t\t\t<\/div>\n\t\t<\/div>\n\t\t\t\t\t<\/div>\n\t\t<\/section>\n\t\t\t\t<section class=\"elementor-section elementor-top-section elementor-element elementor-element-ffa2ee6 elementor-section-boxed elementor-section-height-default elementor-section-height-default\" data-id=\"ffa2ee6\" data-element_type=\"section\" data-e-type=\"section\">\n\t\t\t\t\t\t<div class=\"elementor-container elementor-column-gap-default\">\n\t\t\t\t\t<div class=\"elementor-column elementor-col-100 elementor-top-column elementor-element elementor-element-80def01\" data-id=\"80def01\" data-element_type=\"column\" data-e-type=\"column\">\n\t\t\t<div class=\"elementor-widget-wrap elementor-element-populated\">\n\t\t\t\t\t\t<div class=\"elementor-element elementor-element-205c329 elementor-widget elementor-widget-heading\" data-id=\"205c329\" data-element_type=\"widget\" data-e-type=\"widget\" data-widget_type=\"heading.default\">\n\t\t\t\t<div class=\"elementor-widget-container\">\n\t\t\t\t\t<h2 class=\"elementor-heading-title elementor-size-default\">Geyer \u2013 Verkauf der Lana KK an die FF Weltkarten Manufaktur GmbH<\/h2>\t\t\t\t<\/div>\n\t\t\t\t<\/div>\n\t\t\t\t\t<\/div>\n\t\t<\/div>\n\t\t\t\t\t<\/div>\n\t\t<\/section>\n\t\t\t\t<section class=\"elementor-section elementor-top-section elementor-element elementor-element-9c5fad6 elementor-section-boxed elementor-section-height-default elementor-section-height-default\" data-id=\"9c5fad6\" data-element_type=\"section\" data-e-type=\"section\">\n\t\t\t\t\t\t<div class=\"elementor-container elementor-column-gap-default\">\n\t\t\t\t\t<div class=\"elementor-column elementor-col-100 elementor-top-column elementor-element elementor-element-dc7d48d\" data-id=\"dc7d48d\" data-element_type=\"column\" data-e-type=\"column\">\n\t\t\t<div class=\"elementor-widget-wrap elementor-element-populated\">\n\t\t\t\t\t\t<div class=\"elementor-element elementor-element-80f0274 elementor-widget elementor-widget-text-editor\" data-id=\"80f0274\" data-element_type=\"widget\" data-e-type=\"widget\" data-widget_type=\"text-editor.default\">\n\t\t\t\t<div class=\"elementor-widget-container\">\n\t\t\t\t\t\t\t\t\t<p><span style=\"text-align: justify;\">Wir freuen uns, den erfolgreichen Verkauf der <strong>Lana KK<\/strong> an die <strong>FF Weltkarten Manufaktur GmbH<\/strong> bekanntzugeben.<\/span><\/p>\n<p><span style=\"text-align: justify;\">Lana KK wurde im Jahr 2004 von <b>Kathleen Kolibius-K\u00f6nig<\/b> gegr\u00fcndet, die im Laufe der Jahre eine bemerkenswerte unternehmerische Reise unternommen hat.<br>Kathleen, die urspr\u00fcnglich mit handgemalter Kunst begann, verwandelte ihre Leidenschaft und ihr Talent in ein erfolgreiches E-Commerce-Unternehmen. Dabei lernte sie ihren Mann <b>Sascha K\u00f6nig<\/b> kennen, der nicht nur ihr Lebenspartner, sondern auch ihr Gesch\u00e4ftspartner wurde. Gemeinsam haben sie das Unternehmen aufgebaut und zu dem gemacht, was es heute ist.<br>Lana KK zeichnete sich durch die perfekte Kombination aus <b>traditioneller Handwerkskunst<\/b> und <b>modernem Online-Handel <\/b>aus. Von den Anf\u00e4ngen auf eBay im Jahr 2004, \u00fcber den eigenen Webshop ab 2005 bis hin zur Erweiterung auf Amazon im Jahr 2006, hat das Unternehmen kontinuierlich Innovationen eingef\u00fchrt und sich weiterentwickelt. Ihre au\u00dfergew\u00f6hnlichen Weltkarten und dekorativen Kunstwerke haben die Kunden begeistert und das Unternehmen wachsen lassen.<\/span><\/p>\n<p><span style=\"text-align: justify;\"><br>Mit neuen Ideen und einem starken Fokus auf Weiterentwicklung blieben sie stets am Puls der Zeit. Zudem teilen sie ihre Erfahrungen und Erkenntnisse in Blogs \u00fcber Kunst (nemoti.com) sowie Automatisierung und Workflow (m3tam3re.com).<\/span><\/p>\n<p><span style=\"text-align: justify;\"><br>Die <b>FF Weltkarten Manufaktur GmbH<\/b> ist der ideale K\u00e4ufer, um die Erfolgsgeschichte von Lana KK weiterzuf\u00fchren.<\/span><\/p>\n<p><span style=\"text-align: justify;\"><br>Wir danken allen Beteiligten f\u00fcr die professionelle Zusammenarbeit und freuen uns auf die Zukunft unter neuer F\u00fchrung.<\/span><\/p>\t\t\t\t\t\t\t\t<\/div>\n\t\t\t\t<\/div>\n\t\t\t\t\t<\/div>\n\t\t<\/div>\n\t\t\t\t\t<\/div>\n\t\t<\/section>\n\t\t\t\t<section class=\"elementor-section elementor-top-section elementor-element elementor-element-6194fe3 elementor-section-boxed elementor-section-height-default elementor-section-height-default\" data-id=\"6194fe3\" data-element_type=\"section\" data-e-type=\"section\">\n\t\t\t\t\t\t<div class=\"elementor-container elementor-column-gap-default\">\n\t\t\t\t\t<div class=\"elementor-column elementor-col-100 elementor-top-column elementor-element elementor-element-e0fae01\" data-id=\"e0fae01\" data-element_type=\"column\" data-e-type=\"column\">\n\t\t\t<div class=\"elementor-widget-wrap elementor-element-populated\">\n\t\t\t\t\t\t<div class=\"elementor-element elementor-element-567829e elementor-widget-divider--view-line elementor-widget elementor-widget-divider\" data-id=\"567829e\" data-element_type=\"widget\" data-e-type=\"widget\" data-widget_type=\"divider.default\">\n\t\t\t\t<div class=\"elementor-widget-container\">\n\t\t\t\t\t\t\t<div class=\"elementor-divider\">\n\t\t\t<span class=\"elementor-divider-separator\">\n\t\t\t\t\t\t<\/span>\n\t\t<\/div>\n\t\t\t\t\t\t<\/div>\n\t\t\t\t<\/div>\n\t\t\t\t\t<\/div>\n\t\t<\/div>\n\t\t\t\t\t<\/div>\n\t\t<\/section>\n\t\t\t\t<section class=\"elementor-section elementor-top-section elementor-element elementor-element-691b4f4 elementor-section-boxed elementor-section-height-default elementor-section-height-default\" data-id=\"691b4f4\" data-element_type=\"section\" data-e-type=\"section\">\n\t\t\t\t\t\t<div class=\"elementor-container elementor-column-gap-default\">\n\t\t\t\t\t<div class=\"elementor-column elementor-col-100 elementor-top-column elementor-element elementor-element-56ac796\" data-id=\"56ac796\" data-element_type=\"column\" data-e-type=\"column\">\n\t\t\t<div class=\"elementor-widget-wrap elementor-element-populated\">\n\t\t\t\t\t\t<div class=\"elementor-element elementor-element-ce98ee1 elementor-widget elementor-widget-image\" data-id=\"ce98ee1\" data-element_type=\"widget\" data-e-type=\"widget\" data-widget_type=\"image.default\">\n\t\t\t\t<div class=\"elementor-widget-container\">\n\t\t\t\t\t\t\t\t\t\t\t\t\t\t\t<img decoding=\"async\" width=\"1\" height=\"1\" src=\"https:\/\/dragonflip.com\/wp-content\/uploads\/2019\/07\/2019-07-31-logo-dragonflip-website.svg\" class=\"attachment-large size-large wp-image-794\" alt=\"\" \/>\t\t\t\t\t\t\t\t\t\t\t\t\t\t\t<\/div>\n\t\t\t\t<\/div>\n\t\t\t\t\t<\/div>\n\t\t<\/div>\n\t\t\t\t\t<\/div>\n\t\t<\/section>\n\t\t\t\t<\/div>\n\t\t","protected":false},"excerpt":{"rendered":"<p>Pressemitteilung Geyer \u2013 Verkauf der Lana KK an die FF Weltkarten Manufaktur GmbH Wir freuen uns, den erfolgreichen Verkauf der Lana KK an die FF Weltkarten Manufaktur GmbH bekanntzugeben. Lana KK wurde im Jahr 2004 von Kathleen Kolibius-K\u00f6nig gegr\u00fcndet, die im Laufe der Jahre eine bemerkenswerte unternehmerische Reise unternommen hat.Kathleen, die urspr\u00fcnglich mit handgemalter Kunst [&hellip;]<\/p>\n","protected":false},"author":13,"featured_media":0,"parent":0,"menu_order":0,"comment_status":"closed","ping_status":"closed","template":"elementor_header_footer","meta":{"_acf_changed":false,"footnotes":""},"class_list":["post-10365","page","type-page","status-publish","hentry"],"acf":[],"yoast_head":"<!-- This site is optimized with the Yoast SEO plugin v27.4 - https:\/\/yoast.com\/product\/yoast-seo-wordpress\/ -->\n<title>Pressemitteilung Lana KK - Dragonflip | Buy and Sell an Online Business<\/title>\n<meta name=\"robots\" content=\"index, follow, max-snippet:-1, max-image-preview:large, max-video-preview:-1\" \/>\n<link rel=\"canonical\" href=\"http:\/\/dragonflip.com.w01d6fed.kasserver.com\/de\/pressemitteilung-lana-kk\/\" \/>\n<meta property=\"og:locale\" content=\"de_DE\" \/>\n<meta property=\"og:type\" content=\"article\" \/>\n<meta property=\"og:title\" content=\"Pressemitteilung Lana KK - Dragonflip | Buy and Sell an Online Business\" \/>\n<meta property=\"og:description\" content=\"Pressemitteilung Geyer \u2013 Verkauf der Lana KK an die FF Weltkarten Manufaktur GmbH Wir freuen uns, den erfolgreichen Verkauf der Lana KK an die FF Weltkarten Manufaktur GmbH bekanntzugeben. Lana KK wurde im Jahr 2004 von Kathleen Kolibius-K\u00f6nig gegr\u00fcndet, die im Laufe der Jahre eine bemerkenswerte unternehmerische Reise unternommen hat.Kathleen, die urspr\u00fcnglich mit handgemalter Kunst [&hellip;]\" \/>\n<meta property=\"og:url\" content=\"http:\/\/dragonflip.com.w01d6fed.kasserver.com\/de\/pressemitteilung-lana-kk\/\" \/>\n<meta property=\"og:site_name\" content=\"Dragonflip | Buy and Sell an Online Business\" \/>\n<meta property=\"article:modified_time\" content=\"2024-06-11T13:26:59+00:00\" \/>\n<meta property=\"og:image\" content=\"https:\/\/dragonflip.com\/wp-content\/uploads\/2024\/06\/Lana-KK-Pressemitteilung-300x300.png\" \/>\n<meta name=\"twitter:card\" content=\"summary_large_image\" \/>\n<meta name=\"twitter:label1\" content=\"Gesch\u00e4tzte Lesezeit\" \/>\n\t<meta name=\"twitter:data1\" content=\"1\u00a0Minute\" \/>\n<script type=\"application\/ld+json\" class=\"yoast-schema-graph\">{\"@context\":\"https:\\\/\\\/schema.org\",\"@graph\":[{\"@type\":\"WebPage\",\"@id\":\"http:\\\/\\\/dragonflip.com.w01d6fed.kasserver.com\\\/de\\\/pressemitteilung-lana-kk\\\/\",\"url\":\"http:\\\/\\\/dragonflip.com.w01d6fed.kasserver.com\\\/de\\\/pressemitteilung-lana-kk\\\/\",\"name\":\"Pressemitteilung Lana KK - Dragonflip | Buy and Sell an Online Business\",\"isPartOf\":{\"@id\":\"http:\\\/\\\/dragonflip.com.w01d6fed.kasserver.com\\\/de\\\/#website\"},\"primaryImageOfPage\":{\"@id\":\"http:\\\/\\\/dragonflip.com.w01d6fed.kasserver.com\\\/de\\\/pressemitteilung-lana-kk\\\/#primaryimage\"},\"image\":{\"@id\":\"http:\\\/\\\/dragonflip.com.w01d6fed.kasserver.com\\\/de\\\/pressemitteilung-lana-kk\\\/#primaryimage\"},\"thumbnailUrl\":\"https:\\\/\\\/dragonflip.com\\\/wp-content\\\/uploads\\\/2024\\\/06\\\/Lana-KK-Pressemitteilung-300x300.png\",\"datePublished\":\"2024-06-11T12:33:22+00:00\",\"dateModified\":\"2024-06-11T13:26:59+00:00\",\"breadcrumb\":{\"@id\":\"http:\\\/\\\/dragonflip.com.w01d6fed.kasserver.com\\\/de\\\/pressemitteilung-lana-kk\\\/#breadcrumb\"},\"inLanguage\":\"de\",\"potentialAction\":[{\"@type\":\"ReadAction\",\"target\":[\"http:\\\/\\\/dragonflip.com.w01d6fed.kasserver.com\\\/de\\\/pressemitteilung-lana-kk\\\/\"]}]},{\"@type\":\"ImageObject\",\"inLanguage\":\"de\",\"@id\":\"http:\\\/\\\/dragonflip.com.w01d6fed.kasserver.com\\\/de\\\/pressemitteilung-lana-kk\\\/#primaryimage\",\"url\":\"https:\\\/\\\/dragonflip.com\\\/wp-content\\\/uploads\\\/2024\\\/06\\\/Lana-KK-Pressemitteilung-300x300.png\",\"contentUrl\":\"https:\\\/\\\/dragonflip.com\\\/wp-content\\\/uploads\\\/2024\\\/06\\\/Lana-KK-Pressemitteilung-300x300.png\"},{\"@type\":\"BreadcrumbList\",\"@id\":\"http:\\\/\\\/dragonflip.com.w01d6fed.kasserver.com\\\/de\\\/pressemitteilung-lana-kk\\\/#breadcrumb\",\"itemListElement\":[{\"@type\":\"ListItem\",\"position\":1,\"name\":\"Startseite\",\"item\":\"https:\\\/\\\/dragonflip.com\\\/en\\\/\"},{\"@type\":\"ListItem\",\"position\":2,\"name\":\"Pressemitteilung Lana KK\"}]},{\"@type\":\"WebSite\",\"@id\":\"http:\\\/\\\/dragonflip.com.w01d6fed.kasserver.com\\\/de\\\/#website\",\"url\":\"http:\\\/\\\/dragonflip.com.w01d6fed.kasserver.com\\\/de\\\/\",\"name\":\"Dragonflip | Buy and Sell an Online Business\",\"description\":\"Buy and Sell an Online Business\",\"publisher\":{\"@id\":\"http:\\\/\\\/dragonflip.com.w01d6fed.kasserver.com\\\/de\\\/#organization\"},\"potentialAction\":[{\"@type\":\"SearchAction\",\"target\":{\"@type\":\"EntryPoint\",\"urlTemplate\":\"http:\\\/\\\/dragonflip.com.w01d6fed.kasserver.com\\\/de\\\/?s={search_term_string}\"},\"query-input\":{\"@type\":\"PropertyValueSpecification\",\"valueRequired\":true,\"valueName\":\"search_term_string\"}}],\"inLanguage\":\"de\"},{\"@type\":\"Organization\",\"@id\":\"http:\\\/\\\/dragonflip.com.w01d6fed.kasserver.com\\\/de\\\/#organization\",\"name\":\"Dragonflip GmbH\",\"url\":\"http:\\\/\\\/dragonflip.com.w01d6fed.kasserver.com\\\/de\\\/\",\"logo\":{\"@type\":\"ImageObject\",\"inLanguage\":\"de\",\"@id\":\"http:\\\/\\\/dragonflip.com.w01d6fed.kasserver.com\\\/de\\\/#\\\/schema\\\/logo\\\/image\\\/\",\"url\":\"https:\\\/\\\/dragonflip.com\\\/wp-content\\\/uploads\\\/2019\\\/07\\\/2019-07-31-logo-dragonflip-website-white.svg\",\"contentUrl\":\"https:\\\/\\\/dragonflip.com\\\/wp-content\\\/uploads\\\/2019\\\/07\\\/2019-07-31-logo-dragonflip-website-white.svg\",\"width\":1,\"height\":1,\"caption\":\"Dragonflip GmbH\"},\"image\":{\"@id\":\"http:\\\/\\\/dragonflip.com.w01d6fed.kasserver.com\\\/de\\\/#\\\/schema\\\/logo\\\/image\\\/\"}}]}<\/script>\n<!-- \/ Yoast SEO plugin. -->","yoast_head_json":{"title":"Pressemitteilung Lana KK - Dragonflip | Buy and Sell an Online Business","robots":{"index":"index","follow":"follow","max-snippet":"max-snippet:-1","max-image-preview":"max-image-preview:large","max-video-preview":"max-video-preview:-1"},"canonical":"http:\/\/dragonflip.com.w01d6fed.kasserver.com\/de\/pressemitteilung-lana-kk\/","og_locale":"de_DE","og_type":"article","og_title":"Pressemitteilung Lana KK - Dragonflip | Buy and Sell an Online Business","og_description":"Pressemitteilung Geyer \u2013 Verkauf der Lana KK an die FF Weltkarten Manufaktur GmbH Wir freuen uns, den erfolgreichen Verkauf der Lana KK an die FF Weltkarten Manufaktur GmbH bekanntzugeben. Lana KK wurde im Jahr 2004 von Kathleen Kolibius-K\u00f6nig gegr\u00fcndet, die im Laufe der Jahre eine bemerkenswerte unternehmerische Reise unternommen hat.Kathleen, die urspr\u00fcnglich mit handgemalter Kunst [&hellip;]","og_url":"http:\/\/dragonflip.com.w01d6fed.kasserver.com\/de\/pressemitteilung-lana-kk\/","og_site_name":"Dragonflip | Buy and Sell an Online Business","article_modified_time":"2024-06-11T13:26:59+00:00","og_image":[{"url":"https:\/\/dragonflip.com\/wp-content\/uploads\/2024\/06\/Lana-KK-Pressemitteilung-300x300.png","type":"","width":"","height":""}],"twitter_card":"summary_large_image","twitter_misc":{"Gesch\u00e4tzte Lesezeit":"1\u00a0Minute"},"schema":{"@context":"https:\/\/schema.org","@graph":[{"@type":"WebPage","@id":"http:\/\/dragonflip.com.w01d6fed.kasserver.com\/de\/pressemitteilung-lana-kk\/","url":"http:\/\/dragonflip.com.w01d6fed.kasserver.com\/de\/pressemitteilung-lana-kk\/","name":"Pressemitteilung Lana KK - Dragonflip | Buy and Sell an Online Business","isPartOf":{"@id":"http:\/\/dragonflip.com.w01d6fed.kasserver.com\/de\/#website"},"primaryImageOfPage":{"@id":"http:\/\/dragonflip.com.w01d6fed.kasserver.com\/de\/pressemitteilung-lana-kk\/#primaryimage"},"image":{"@id":"http:\/\/dragonflip.com.w01d6fed.kasserver.com\/de\/pressemitteilung-lana-kk\/#primaryimage"},"thumbnailUrl":"https:\/\/dragonflip.com\/wp-content\/uploads\/2024\/06\/Lana-KK-Pressemitteilung-300x300.png","datePublished":"2024-06-11T12:33:22+00:00","dateModified":"2024-06-11T13:26:59+00:00","breadcrumb":{"@id":"http:\/\/dragonflip.com.w01d6fed.kasserver.com\/de\/pressemitteilung-lana-kk\/#breadcrumb"},"inLanguage":"de","potentialAction":[{"@type":"ReadAction","target":["http:\/\/dragonflip.com.w01d6fed.kasserver.com\/de\/pressemitteilung-lana-kk\/"]}]},{"@type":"ImageObject","inLanguage":"de","@id":"http:\/\/dragonflip.com.w01d6fed.kasserver.com\/de\/pressemitteilung-lana-kk\/#primaryimage","url":"https:\/\/dragonflip.com\/wp-content\/uploads\/2024\/06\/Lana-KK-Pressemitteilung-300x300.png","contentUrl":"https:\/\/dragonflip.com\/wp-content\/uploads\/2024\/06\/Lana-KK-Pressemitteilung-300x300.png"},{"@type":"BreadcrumbList","@id":"http:\/\/dragonflip.com.w01d6fed.kasserver.com\/de\/pressemitteilung-lana-kk\/#breadcrumb","itemListElement":[{"@type":"ListItem","position":1,"name":"Startseite","item":"https:\/\/dragonflip.com\/en\/"},{"@type":"ListItem","position":2,"name":"Pressemitteilung Lana KK"}]},{"@type":"WebSite","@id":"http:\/\/dragonflip.com.w01d6fed.kasserver.com\/de\/#website","url":"http:\/\/dragonflip.com.w01d6fed.kasserver.com\/de\/","name":"Dragonflip | Buy and Sell an Online Business","description":"Buy and Sell an Online Business","publisher":{"@id":"http:\/\/dragonflip.com.w01d6fed.kasserver.com\/de\/#organization"},"potentialAction":[{"@type":"SearchAction","target":{"@type":"EntryPoint","urlTemplate":"http:\/\/dragonflip.com.w01d6fed.kasserver.com\/de\/?s={search_term_string}"},"query-input":{"@type":"PropertyValueSpecification","valueRequired":true,"valueName":"search_term_string"}}],"inLanguage":"de"},{"@type":"Organization","@id":"http:\/\/dragonflip.com.w01d6fed.kasserver.com\/de\/#organization","name":"Dragonflip GmbH","url":"http:\/\/dragonflip.com.w01d6fed.kasserver.com\/de\/","logo":{"@type":"ImageObject","inLanguage":"de","@id":"http:\/\/dragonflip.com.w01d6fed.kasserver.com\/de\/#\/schema\/logo\/image\/","url":"https:\/\/dragonflip.com\/wp-content\/uploads\/2019\/07\/2019-07-31-logo-dragonflip-website-white.svg","contentUrl":"https:\/\/dragonflip.com\/wp-content\/uploads\/2019\/07\/2019-07-31-logo-dragonflip-website-white.svg","width":1,"height":1,"caption":"Dragonflip GmbH"},"image":{"@id":"http:\/\/dragonflip.com.w01d6fed.kasserver.com\/de\/#\/schema\/logo\/image\/"}}]}},"_links":{"self":[{"href":"https:\/\/dragonflip.com\/de\/wp-json\/wp\/v2\/pages\/10365","targetHints":{"allow":["GET"]}}],"collection":[{"href":"https:\/\/dragonflip.com\/de\/wp-json\/wp\/v2\/pages"}],"about":[{"href":"https:\/\/dragonflip.com\/de\/wp-json\/wp\/v2\/types\/page"}],"author":[{"embeddable":true,"href":"https:\/\/dragonflip.com\/de\/wp-json\/wp\/v2\/users\/13"}],"replies":[{"embeddable":true,"href":"https:\/\/dragonflip.com\/de\/wp-json\/wp\/v2\/comments?post=10365"}],"version-history":[{"count":14,"href":"https:\/\/dragonflip.com\/de\/wp-json\/wp\/v2\/pages\/10365\/revisions"}],"predecessor-version":[{"id":10389,"href":"https:\/\/dragonflip.com\/de\/wp-json\/wp\/v2\/pages\/10365\/revisions\/10389"}],"wp:attachment":[{"href":"https:\/\/dragonflip.com\/de\/wp-json\/wp\/v2\/media?parent=10365"}],"curies":[{"name":"wp","href":"https:\/\/api.w.org\/{rel}","templated":true}]}}