{"id":13088,"date":"2025-03-13T18:53:19","date_gmt":"2025-03-13T17:53:19","guid":{"rendered":"https:\/\/dragonflip.com\/?page_id=13088"},"modified":"2026-01-06T19:32:44","modified_gmt":"2026-01-06T18:32:44","slug":"vielen-dank-rechner","status":"publish","type":"page","link":"https:\/\/dragonflip.com\/de\/vielen-dank-rechner\/","title":{"rendered":"Vielen Dank Rechner"},"content":{"rendered":"\t\t<div data-elementor-type=\"wp-page\" data-elementor-id=\"13088\" class=\"elementor elementor-13088\" data-elementor-post-type=\"page\">\n\t\t\t\t\t\t<section class=\"elementor-section elementor-top-section elementor-element elementor-element-f878631 elementor-section-stretched elementor-section-height-min-height elementor-section-boxed elementor-section-height-default elementor-section-items-middle\" data-id=\"f878631\" data-element_type=\"section\" data-e-type=\"section\" data-settings=\"{&quot;stretch_section&quot;:&quot;section-stretched&quot;,&quot;background_background&quot;:&quot;classic&quot;}\">\n\t\t\t\t\t\t\t<div class=\"elementor-background-overlay\"><\/div>\n\t\t\t\t\t\t\t<div class=\"elementor-container elementor-column-gap-default\">\n\t\t\t\t\t<div class=\"elementor-column elementor-col-100 elementor-top-column elementor-element elementor-element-aa5b8a9\" data-id=\"aa5b8a9\" data-element_type=\"column\" data-e-type=\"column\" data-settings=\"{&quot;background_background&quot;:&quot;classic&quot;}\">\n\t\t\t<div class=\"elementor-widget-wrap elementor-element-populated\">\n\t\t\t\t\t<div class=\"elementor-background-overlay\"><\/div>\n\t\t\t\t\t\t<div class=\"elementor-element elementor-element-3f5682d elementor-widget elementor-widget-image\" data-id=\"3f5682d\" data-element_type=\"widget\" data-e-type=\"widget\" data-widget_type=\"image.default\">\n\t\t\t\t<div class=\"elementor-widget-container\">\n\t\t\t\t\t\t\t\t\t\t\t\t\t\t\t<img decoding=\"async\" width=\"1\" height=\"1\" src=\"https:\/\/dragonflip.com\/wp-content\/uploads\/2019\/07\/2019-07-31-logo-dragonflip-website.svg\" class=\"attachment-large size-large wp-image-794\" alt=\"\" \/>\t\t\t\t\t\t\t\t\t\t\t\t\t\t\t<\/div>\n\t\t\t\t<\/div>\n\t\t\t\t<div class=\"elementor-element elementor-element-14d2530 elementor-widget elementor-widget-heading\" data-id=\"14d2530\" data-element_type=\"widget\" data-e-type=\"widget\" data-widget_type=\"heading.default\">\n\t\t\t\t<div class=\"elementor-widget-container\">\n\t\t\t\t\t<h1 class=\"elementor-heading-title elementor-size-default\">VIELEN DANK!<\/h1>\t\t\t\t<\/div>\n\t\t\t\t<\/div>\n\t\t\t\t<section class=\"elementor-section elementor-inner-section elementor-element elementor-element-044fda5 elementor-section-boxed elementor-section-height-default elementor-section-height-default elementor-invisible\" data-id=\"044fda5\" data-element_type=\"section\" data-e-type=\"section\" data-settings=\"{&quot;animation&quot;:&quot;fadeIn&quot;}\">\n\t\t\t\t\t\t<div class=\"elementor-container elementor-column-gap-default\">\n\t\t\t\t\t<div class=\"elementor-column elementor-col-100 elementor-inner-column elementor-element elementor-element-86e0b12\" data-id=\"86e0b12\" data-element_type=\"column\" data-e-type=\"column\">\n\t\t\t<div class=\"elementor-widget-wrap elementor-element-populated\">\n\t\t\t\t\t\t<div class=\"elementor-element elementor-element-05a4d30 elementor-widget elementor-widget-heading\" data-id=\"05a4d30\" data-element_type=\"widget\" data-e-type=\"widget\" data-widget_type=\"heading.default\">\n\t\t\t\t<div class=\"elementor-widget-container\">\n\t\t\t\t\t<h1 class=\"elementor-heading-title elementor-size-default\">Nach dem Best\u00e4tigen Ihrer Email-Adresse, senden wir Ihnen Ihr Bewertungergebnis umgehend zu.<\/h1>\t\t\t\t<\/div>\n\t\t\t\t<\/div>\n\t\t\t\t\t<\/div>\n\t\t<\/div>\n\t\t\t\t\t<\/div>\n\t\t<\/section>\n\t\t\t\t\t<\/div>\n\t\t<\/div>\n\t\t\t\t\t<\/div>\n\t\t<\/section>\n\t\t\t\t<section class=\"elementor-section elementor-top-section elementor-element elementor-element-d46a504 elementor-section-boxed elementor-section-height-default elementor-section-height-default\" data-id=\"d46a504\" data-element_type=\"section\" data-e-type=\"section\">\n\t\t\t\t\t\t<div class=\"elementor-container elementor-column-gap-default\">\n\t\t\t\t\t<div class=\"elementor-column elementor-col-100 elementor-top-column elementor-element elementor-element-54d3adc\" data-id=\"54d3adc\" data-element_type=\"column\" data-e-type=\"column\">\n\t\t\t<div class=\"elementor-widget-wrap elementor-element-populated\">\n\t\t\t\t\t\t<div class=\"elementor-element elementor-element-bc2d2c7 elementor-widget elementor-widget-text-editor\" data-id=\"bc2d2c7\" data-element_type=\"widget\" data-e-type=\"widget\" data-widget_type=\"text-editor.default\">\n\t\t\t\t<div class=\"elementor-widget-container\">\n\t\t\t\t\t\t\t\t\t<p>Jetzt den Verkaufsprozess starten?<\/p>\t\t\t\t\t\t\t\t<\/div>\n\t\t\t\t<\/div>\n\t\t\t\t<div class=\"elementor-element elementor-element-780d592 elementor-widget elementor-widget-text-editor\" data-id=\"780d592\" data-element_type=\"widget\" data-e-type=\"widget\" data-widget_type=\"text-editor.default\">\n\t\t\t\t<div class=\"elementor-widget-container\">\n\t\t\t\t\t\t\t\t\tKein Unternehmen gleicht dem anderen. Lassen Sie uns daher \u00fcber Ihre <strong>Exit-Optionen<\/strong> und Ihrem <strong>Unternehmenswert<\/strong> in einem unverbindlichen und <strong>kostenlosen Gespr\u00e4ch<\/strong> sprechen, so dass wir Ihnen ein <b>ma\u00dfgeschneidertes Angebot<\/b> f\u00fcr den Verkaufsprozess unterbreiten k\u00f6nnen.\t\t\t\t\t\t\t\t<\/div>\n\t\t\t\t<\/div>\n\t\t\t\t<div class=\"elementor-element elementor-element-9e4994b elementor-widget elementor-widget-text-editor\" data-id=\"9e4994b\" data-element_type=\"widget\" data-e-type=\"widget\" data-widget_type=\"text-editor.default\">\n\t\t\t\t<div class=\"elementor-widget-container\">\n\t\t\t\t\t\t\t\t\t<p>Buchen Sie Ihren Termin in wenigen einfachen Schritten: W\u00e4hlen Sie Ihr Datum und Ihre Uhrzeit und lassen Sie uns wissen, ob Sie \u00fcber Telefon oder Video sprechen m\u00f6chten.<\/p>\t\t\t\t\t\t\t\t<\/div>\n\t\t\t\t<\/div>\n\t\t\t\t\t<\/div>\n\t\t<\/div>\n\t\t\t\t\t<\/div>\n\t\t<\/section>\n\t\t\t\t<section class=\"elementor-section elementor-top-section elementor-element elementor-element-55dc605 elementor-reverse-mobile elementor-section-boxed elementor-section-height-default elementor-section-height-default\" data-id=\"55dc605\" data-element_type=\"section\" data-e-type=\"section\">\n\t\t\t\t\t\t<div class=\"elementor-container elementor-column-gap-default\">\n\t\t\t\t\t<div class=\"elementor-column elementor-col-50 elementor-top-column elementor-element elementor-element-6a435b2\" data-id=\"6a435b2\" data-element_type=\"column\" data-e-type=\"column\">\n\t\t\t<div class=\"elementor-widget-wrap elementor-element-populated\">\n\t\t\t\t\t\t<div class=\"elementor-element elementor-element-425f88f elementor-widget elementor-widget-heading\" data-id=\"425f88f\" data-element_type=\"widget\" data-e-type=\"widget\" data-widget_type=\"heading.default\">\n\t\t\t\t<div class=\"elementor-widget-container\">\n\t\t\t\t\t<h2 class=\"elementor-heading-title elementor-size-default\">Ihre Ansprechpartner<\/h2>\t\t\t\t<\/div>\n\t\t\t\t<\/div>\n\t\t\t\t<div class=\"elementor-element elementor-element-b39e233 elementor-widget elementor-widget-image\" data-id=\"b39e233\" data-element_type=\"widget\" data-e-type=\"widget\" data-widget_type=\"image.default\">\n\t\t\t\t<div class=\"elementor-widget-container\">\n\t\t\t\t\t\t\t\t\t\t\t\t<figure class=\"wp-caption\">\n\t\t\t\t\t\t\t\t\t\t<img decoding=\"async\" width=\"150\" height=\"150\" src=\"https:\/\/dragonflip.com\/wp-content\/uploads\/2023\/10\/2021-10-15-dragonflip-teamfoto-480x480px-anne-150x150.jpg\" class=\"attachment-thumbnail size-thumbnail wp-image-8440\" alt=\"\" srcset=\"https:\/\/dragonflip.com\/wp-content\/uploads\/2023\/10\/2021-10-15-dragonflip-teamfoto-480x480px-anne-150x150.jpg 150w, https:\/\/dragonflip.com\/wp-content\/uploads\/2023\/10\/2021-10-15-dragonflip-teamfoto-480x480px-anne-300x300.jpg 300w, https:\/\/dragonflip.com\/wp-content\/uploads\/2023\/10\/2021-10-15-dragonflip-teamfoto-480x480px-anne.jpg 480w\" sizes=\"(max-width: 150px) 100vw, 150px\" \/>\t\t\t\t\t\t\t\t\t\t\t<figcaption class=\"widget-image-caption wp-caption-text\">Anne Garcia | Business Development<\/figcaption>\n\t\t\t\t\t\t\t\t\t\t<\/figure>\n\t\t\t\t\t\t\t\t\t<\/div>\n\t\t\t\t<\/div>\n\t\t\t\t<div class=\"elementor-element elementor-element-05fa9fe elementor-widget elementor-widget-image\" data-id=\"05fa9fe\" data-element_type=\"widget\" data-e-type=\"widget\" data-widget_type=\"image.default\">\n\t\t\t\t<div class=\"elementor-widget-container\">\n\t\t\t\t\t\t\t\t\t\t\t\t<figure class=\"wp-caption\">\n\t\t\t\t\t\t\t\t\t\t<img decoding=\"async\" width=\"150\" height=\"150\" src=\"https:\/\/dragonflip.com\/wp-content\/uploads\/2025\/01\/IMG_2672-removebg-preview-e1736940054742-removebg-preview-150x150.png\" class=\"attachment-thumbnail size-thumbnail wp-image-11824\" alt=\"\" srcset=\"https:\/\/dragonflip.com\/wp-content\/uploads\/2025\/01\/IMG_2672-removebg-preview-e1736940054742-removebg-preview-150x150.png 150w, https:\/\/dragonflip.com\/wp-content\/uploads\/2025\/01\/IMG_2672-removebg-preview-e1736940054742-removebg-preview-300x300.png 300w, https:\/\/dragonflip.com\/wp-content\/uploads\/2025\/01\/IMG_2672-removebg-preview-e1736940054742-removebg-preview.png 411w\" sizes=\"(max-width: 150px) 100vw, 150px\" \/>\t\t\t\t\t\t\t\t\t\t\t<figcaption class=\"widget-image-caption wp-caption-text\">Justin Brown | Associate<\/figcaption>\n\t\t\t\t\t\t\t\t\t\t<\/figure>\n\t\t\t\t\t\t\t\t\t<\/div>\n\t\t\t\t<\/div>\n\t\t\t\t<div class=\"elementor-element elementor-element-385f271 elementor-widget elementor-widget-image\" data-id=\"385f271\" data-element_type=\"widget\" data-e-type=\"widget\" data-widget_type=\"image.default\">\n\t\t\t\t<div class=\"elementor-widget-container\">\n\t\t\t\t\t\t\t\t\t\t\t\t<figure class=\"wp-caption\">\n\t\t\t\t\t\t\t\t\t\t<img loading=\"lazy\" decoding=\"async\" width=\"150\" height=\"150\" src=\"https:\/\/dragonflip.com\/wp-content\/uploads\/2024\/09\/0A9B4649_final__2_-removebg-preview-150x150.png\" class=\"attachment-thumbnail size-thumbnail wp-image-10687\" alt=\"\" \/>\t\t\t\t\t\t\t\t\t\t\t<figcaption class=\"widget-image-caption wp-caption-text\">Severin Borch | Gesch\u00e4ftsf\u00fchrer<\/figcaption>\n\t\t\t\t\t\t\t\t\t\t<\/figure>\n\t\t\t\t\t\t\t\t\t<\/div>\n\t\t\t\t<\/div>\n\t\t\t\t\t<\/div>\n\t\t<\/div>\n\t\t\t\t<div class=\"elementor-column elementor-col-50 elementor-top-column elementor-element elementor-element-4cc244e\" data-id=\"4cc244e\" data-element_type=\"column\" data-e-type=\"column\">\n\t\t\t<div class=\"elementor-widget-wrap elementor-element-populated\">\n\t\t\t\t\t\t<div class=\"elementor-element elementor-element-92a2dbc elementor-widget elementor-widget-html\" data-id=\"92a2dbc\" data-element_type=\"widget\" data-e-type=\"widget\" data-widget_type=\"html.default\">\n\t\t\t\t<div class=\"elementor-widget-container\">\n\t\t\t\t\t<iframe width='100%' height='750px' src='https:\/\/dragonflip.zohobookings.eu\/portal-embed#\/142305000000223472' frameborder='0' allowfullscreen='' > <\/iframe>\t\t\t\t<\/div>\n\t\t\t\t<\/div>\n\t\t\t\t\t<\/div>\n\t\t<\/div>\n\t\t\t\t\t<\/div>\n\t\t<\/section>\n\t\t\t\t<section class=\"elementor-section elementor-top-section elementor-element elementor-element-6f1b176 elementor-section-boxed elementor-section-height-default elementor-section-height-default\" data-id=\"6f1b176\" data-element_type=\"section\" data-e-type=\"section\">\n\t\t\t\t\t\t<div class=\"elementor-container elementor-column-gap-default\">\n\t\t\t\t\t<div class=\"elementor-column elementor-col-100 elementor-top-column elementor-element elementor-element-5b375bd\" data-id=\"5b375bd\" data-element_type=\"column\" data-e-type=\"column\">\n\t\t\t<div class=\"elementor-widget-wrap elementor-element-populated\">\n\t\t\t\t\t\t<div class=\"elementor-element elementor-element-5c6169c elementor-widget elementor-widget-spacer\" data-id=\"5c6169c\" data-element_type=\"widget\" data-e-type=\"widget\" data-widget_type=\"spacer.default\">\n\t\t\t\t<div class=\"elementor-widget-container\">\n\t\t\t\t\t\t\t<div class=\"elementor-spacer\">\n\t\t\t<div class=\"elementor-spacer-inner\"><\/div>\n\t\t<\/div>\n\t\t\t\t\t\t<\/div>\n\t\t\t\t<\/div>\n\t\t\t\t\t<\/div>\n\t\t<\/div>\n\t\t\t\t\t<\/div>\n\t\t<\/section>\n\t\t\t\t<\/div>\n\t\t","protected":false},"excerpt":{"rendered":"<p>VIELEN DANK! Nach dem Best\u00e4tigen Ihrer Email-Adresse, senden wir Ihnen Ihr Bewertungergebnis umgehend zu. Jetzt den Verkaufsprozess starten? Kein Unternehmen gleicht dem anderen. Lassen Sie uns daher \u00fcber Ihre Exit-Optionen und Ihrem Unternehmenswert in einem unverbindlichen und kostenlosen Gespr\u00e4ch sprechen, so dass wir Ihnen ein ma\u00dfgeschneidertes Angebot f\u00fcr den Verkaufsprozess unterbreiten k\u00f6nnen. Buchen Sie Ihren [&hellip;]<\/p>\n","protected":false},"author":13,"featured_media":0,"parent":0,"menu_order":0,"comment_status":"closed","ping_status":"closed","template":"","meta":{"_acf_changed":false,"footnotes":""},"class_list":["post-13088","page","type-page","status-publish","hentry"],"acf":[],"yoast_head":"<!-- This site is optimized with the Yoast SEO plugin v27.5 - https:\/\/yoast.com\/product\/yoast-seo-wordpress\/ -->\n<title>Vielen Dank Rechner - Dragonflip | Buy and Sell an Online Business<\/title>\n<meta name=\"robots\" content=\"noindex, nofollow\" \/>\n<meta property=\"og:locale\" content=\"de_DE\" \/>\n<meta property=\"og:type\" content=\"article\" \/>\n<meta property=\"og:title\" content=\"Vielen Dank Rechner - Dragonflip | Buy and Sell an Online Business\" \/>\n<meta property=\"og:description\" content=\"VIELEN DANK! Nach dem Best\u00e4tigen Ihrer Email-Adresse, senden wir Ihnen Ihr Bewertungergebnis umgehend zu. Jetzt den Verkaufsprozess starten? Kein Unternehmen gleicht dem anderen. Lassen Sie uns daher \u00fcber Ihre Exit-Optionen und Ihrem Unternehmenswert in einem unverbindlichen und kostenlosen Gespr\u00e4ch sprechen, so dass wir Ihnen ein ma\u00dfgeschneidertes Angebot f\u00fcr den Verkaufsprozess unterbreiten k\u00f6nnen. Buchen Sie Ihren [&hellip;]\" \/>\n<meta property=\"og:url\" content=\"http:\/\/dragonflip.com.w01d6fed.kasserver.com\/de\/vielen-dank-rechner\/\" \/>\n<meta property=\"og:site_name\" content=\"Dragonflip | Buy and Sell an Online Business\" \/>\n<meta property=\"article:modified_time\" content=\"2026-01-06T18:32:44+00:00\" \/>\n<meta property=\"og:image\" content=\"https:\/\/dragonflip.com\/wp-content\/uploads\/2019\/07\/2019-07-31-logo-dragonflip-website.svg\" \/>\n<meta name=\"twitter:card\" content=\"summary_large_image\" \/>\n<meta name=\"twitter:label1\" content=\"Gesch\u00e4tzte Lesezeit\" \/>\n\t<meta name=\"twitter:data1\" content=\"1\u00a0Minute\" \/>\n<script type=\"application\/ld+json\" class=\"yoast-schema-graph\">{\"@context\":\"https:\\\/\\\/schema.org\",\"@graph\":[{\"@type\":\"WebPage\",\"@id\":\"http:\\\/\\\/dragonflip.com.w01d6fed.kasserver.com\\\/de\\\/vielen-dank-rechner\\\/\",\"url\":\"http:\\\/\\\/dragonflip.com.w01d6fed.kasserver.com\\\/de\\\/vielen-dank-rechner\\\/\",\"name\":\"Vielen Dank Rechner - Dragonflip | Buy and Sell an Online Business\",\"isPartOf\":{\"@id\":\"http:\\\/\\\/dragonflip.com.w01d6fed.kasserver.com\\\/de\\\/#website\"},\"primaryImageOfPage\":{\"@id\":\"http:\\\/\\\/dragonflip.com.w01d6fed.kasserver.com\\\/de\\\/vielen-dank-rechner\\\/#primaryimage\"},\"image\":{\"@id\":\"http:\\\/\\\/dragonflip.com.w01d6fed.kasserver.com\\\/de\\\/vielen-dank-rechner\\\/#primaryimage\"},\"thumbnailUrl\":\"https:\\\/\\\/dragonflip.com\\\/wp-content\\\/uploads\\\/2019\\\/07\\\/2019-07-31-logo-dragonflip-website.svg\",\"datePublished\":\"2025-03-13T17:53:19+00:00\",\"dateModified\":\"2026-01-06T18:32:44+00:00\",\"breadcrumb\":{\"@id\":\"http:\\\/\\\/dragonflip.com.w01d6fed.kasserver.com\\\/de\\\/vielen-dank-rechner\\\/#breadcrumb\"},\"inLanguage\":\"de\",\"potentialAction\":[{\"@type\":\"ReadAction\",\"target\":[\"http:\\\/\\\/dragonflip.com.w01d6fed.kasserver.com\\\/de\\\/vielen-dank-rechner\\\/\"]}]},{\"@type\":\"ImageObject\",\"inLanguage\":\"de\",\"@id\":\"http:\\\/\\\/dragonflip.com.w01d6fed.kasserver.com\\\/de\\\/vielen-dank-rechner\\\/#primaryimage\",\"url\":\"https:\\\/\\\/dragonflip.com\\\/wp-content\\\/uploads\\\/2019\\\/07\\\/2019-07-31-logo-dragonflip-website.svg\",\"contentUrl\":\"https:\\\/\\\/dragonflip.com\\\/wp-content\\\/uploads\\\/2019\\\/07\\\/2019-07-31-logo-dragonflip-website.svg\"},{\"@type\":\"BreadcrumbList\",\"@id\":\"http:\\\/\\\/dragonflip.com.w01d6fed.kasserver.com\\\/de\\\/vielen-dank-rechner\\\/#breadcrumb\",\"itemListElement\":[{\"@type\":\"ListItem\",\"position\":1,\"name\":\"Startseite\",\"item\":\"https:\\\/\\\/dragonflip.com\\\/en\\\/\"},{\"@type\":\"ListItem\",\"position\":2,\"name\":\"Vielen Dank Rechner\"}]},{\"@type\":\"WebSite\",\"@id\":\"http:\\\/\\\/dragonflip.com.w01d6fed.kasserver.com\\\/de\\\/#website\",\"url\":\"http:\\\/\\\/dragonflip.com.w01d6fed.kasserver.com\\\/de\\\/\",\"name\":\"Dragonflip | Buy and Sell an Online Business\",\"description\":\"Buy and Sell an Online Business\",\"publisher\":{\"@id\":\"http:\\\/\\\/dragonflip.com.w01d6fed.kasserver.com\\\/de\\\/#organization\"},\"potentialAction\":[{\"@type\":\"SearchAction\",\"target\":{\"@type\":\"EntryPoint\",\"urlTemplate\":\"http:\\\/\\\/dragonflip.com.w01d6fed.kasserver.com\\\/de\\\/?s={search_term_string}\"},\"query-input\":{\"@type\":\"PropertyValueSpecification\",\"valueRequired\":true,\"valueName\":\"search_term_string\"}}],\"inLanguage\":\"de\"},{\"@type\":\"Organization\",\"@id\":\"http:\\\/\\\/dragonflip.com.w01d6fed.kasserver.com\\\/de\\\/#organization\",\"name\":\"Dragonflip GmbH\",\"url\":\"http:\\\/\\\/dragonflip.com.w01d6fed.kasserver.com\\\/de\\\/\",\"logo\":{\"@type\":\"ImageObject\",\"inLanguage\":\"de\",\"@id\":\"http:\\\/\\\/dragonflip.com.w01d6fed.kasserver.com\\\/de\\\/#\\\/schema\\\/logo\\\/image\\\/\",\"url\":\"https:\\\/\\\/dragonflip.com\\\/wp-content\\\/uploads\\\/2019\\\/07\\\/2019-07-31-logo-dragonflip-website-white.svg\",\"contentUrl\":\"https:\\\/\\\/dragonflip.com\\\/wp-content\\\/uploads\\\/2019\\\/07\\\/2019-07-31-logo-dragonflip-website-white.svg\",\"width\":1,\"height\":1,\"caption\":\"Dragonflip GmbH\"},\"image\":{\"@id\":\"http:\\\/\\\/dragonflip.com.w01d6fed.kasserver.com\\\/de\\\/#\\\/schema\\\/logo\\\/image\\\/\"}}]}<\/script>\n<!-- \/ Yoast SEO plugin. -->","yoast_head_json":{"title":"Vielen Dank Rechner - Dragonflip | Buy and Sell an Online Business","robots":{"index":"noindex","follow":"nofollow"},"og_locale":"de_DE","og_type":"article","og_title":"Vielen Dank Rechner - Dragonflip | Buy and Sell an Online Business","og_description":"VIELEN DANK! Nach dem Best\u00e4tigen Ihrer Email-Adresse, senden wir Ihnen Ihr Bewertungergebnis umgehend zu. Jetzt den Verkaufsprozess starten? Kein Unternehmen gleicht dem anderen. Lassen Sie uns daher \u00fcber Ihre Exit-Optionen und Ihrem Unternehmenswert in einem unverbindlichen und kostenlosen Gespr\u00e4ch sprechen, so dass wir Ihnen ein ma\u00dfgeschneidertes Angebot f\u00fcr den Verkaufsprozess unterbreiten k\u00f6nnen. Buchen Sie Ihren [&hellip;]","og_url":"http:\/\/dragonflip.com.w01d6fed.kasserver.com\/de\/vielen-dank-rechner\/","og_site_name":"Dragonflip | Buy and Sell an Online Business","article_modified_time":"2026-01-06T18:32:44+00:00","og_image":[{"url":"https:\/\/dragonflip.com\/wp-content\/uploads\/2019\/07\/2019-07-31-logo-dragonflip-website.svg","type":"","width":"","height":""}],"twitter_card":"summary_large_image","twitter_misc":{"Gesch\u00e4tzte Lesezeit":"1\u00a0Minute"},"schema":{"@context":"https:\/\/schema.org","@graph":[{"@type":"WebPage","@id":"http:\/\/dragonflip.com.w01d6fed.kasserver.com\/de\/vielen-dank-rechner\/","url":"http:\/\/dragonflip.com.w01d6fed.kasserver.com\/de\/vielen-dank-rechner\/","name":"Vielen Dank Rechner - Dragonflip | Buy and Sell an Online Business","isPartOf":{"@id":"http:\/\/dragonflip.com.w01d6fed.kasserver.com\/de\/#website"},"primaryImageOfPage":{"@id":"http:\/\/dragonflip.com.w01d6fed.kasserver.com\/de\/vielen-dank-rechner\/#primaryimage"},"image":{"@id":"http:\/\/dragonflip.com.w01d6fed.kasserver.com\/de\/vielen-dank-rechner\/#primaryimage"},"thumbnailUrl":"https:\/\/dragonflip.com\/wp-content\/uploads\/2019\/07\/2019-07-31-logo-dragonflip-website.svg","datePublished":"2025-03-13T17:53:19+00:00","dateModified":"2026-01-06T18:32:44+00:00","breadcrumb":{"@id":"http:\/\/dragonflip.com.w01d6fed.kasserver.com\/de\/vielen-dank-rechner\/#breadcrumb"},"inLanguage":"de","potentialAction":[{"@type":"ReadAction","target":["http:\/\/dragonflip.com.w01d6fed.kasserver.com\/de\/vielen-dank-rechner\/"]}]},{"@type":"ImageObject","inLanguage":"de","@id":"http:\/\/dragonflip.com.w01d6fed.kasserver.com\/de\/vielen-dank-rechner\/#primaryimage","url":"https:\/\/dragonflip.com\/wp-content\/uploads\/2019\/07\/2019-07-31-logo-dragonflip-website.svg","contentUrl":"https:\/\/dragonflip.com\/wp-content\/uploads\/2019\/07\/2019-07-31-logo-dragonflip-website.svg"},{"@type":"BreadcrumbList","@id":"http:\/\/dragonflip.com.w01d6fed.kasserver.com\/de\/vielen-dank-rechner\/#breadcrumb","itemListElement":[{"@type":"ListItem","position":1,"name":"Startseite","item":"https:\/\/dragonflip.com\/en\/"},{"@type":"ListItem","position":2,"name":"Vielen Dank Rechner"}]},{"@type":"WebSite","@id":"http:\/\/dragonflip.com.w01d6fed.kasserver.com\/de\/#website","url":"http:\/\/dragonflip.com.w01d6fed.kasserver.com\/de\/","name":"Dragonflip | Buy and Sell an Online Business","description":"Buy and Sell an Online Business","publisher":{"@id":"http:\/\/dragonflip.com.w01d6fed.kasserver.com\/de\/#organization"},"potentialAction":[{"@type":"SearchAction","target":{"@type":"EntryPoint","urlTemplate":"http:\/\/dragonflip.com.w01d6fed.kasserver.com\/de\/?s={search_term_string}"},"query-input":{"@type":"PropertyValueSpecification","valueRequired":true,"valueName":"search_term_string"}}],"inLanguage":"de"},{"@type":"Organization","@id":"http:\/\/dragonflip.com.w01d6fed.kasserver.com\/de\/#organization","name":"Dragonflip GmbH","url":"http:\/\/dragonflip.com.w01d6fed.kasserver.com\/de\/","logo":{"@type":"ImageObject","inLanguage":"de","@id":"http:\/\/dragonflip.com.w01d6fed.kasserver.com\/de\/#\/schema\/logo\/image\/","url":"https:\/\/dragonflip.com\/wp-content\/uploads\/2019\/07\/2019-07-31-logo-dragonflip-website-white.svg","contentUrl":"https:\/\/dragonflip.com\/wp-content\/uploads\/2019\/07\/2019-07-31-logo-dragonflip-website-white.svg","width":1,"height":1,"caption":"Dragonflip GmbH"},"image":{"@id":"http:\/\/dragonflip.com.w01d6fed.kasserver.com\/de\/#\/schema\/logo\/image\/"}}]}},"_links":{"self":[{"href":"https:\/\/dragonflip.com\/de\/wp-json\/wp\/v2\/pages\/13088","targetHints":{"allow":["GET"]}}],"collection":[{"href":"https:\/\/dragonflip.com\/de\/wp-json\/wp\/v2\/pages"}],"about":[{"href":"https:\/\/dragonflip.com\/de\/wp-json\/wp\/v2\/types\/page"}],"author":[{"embeddable":true,"href":"https:\/\/dragonflip.com\/de\/wp-json\/wp\/v2\/users\/13"}],"replies":[{"embeddable":true,"href":"https:\/\/dragonflip.com\/de\/wp-json\/wp\/v2\/comments?post=13088"}],"version-history":[{"count":16,"href":"https:\/\/dragonflip.com\/de\/wp-json\/wp\/v2\/pages\/13088\/revisions"}],"predecessor-version":[{"id":13105,"href":"https:\/\/dragonflip.com\/de\/wp-json\/wp\/v2\/pages\/13088\/revisions\/13105"}],"wp:attachment":[{"href":"https:\/\/dragonflip.com\/de\/wp-json\/wp\/v2\/media?parent=13088"}],"curies":[{"name":"wp","href":"https:\/\/api.w.org\/{rel}","templated":true}]}}