{"id":13203,"date":"2025-06-18T11:19:49","date_gmt":"2025-06-18T09:19:49","guid":{"rendered":"https:\/\/dragonflip.com\/?page_id=13203"},"modified":"2025-06-18T11:22:24","modified_gmt":"2025-06-18T09:22:24","slug":"pressemitteilung-hclm-health-gmbh-1","status":"publish","type":"page","link":"https:\/\/dragonflip.com\/de\/pressemitteilung-hclm-health-gmbh-1\/","title":{"rendered":"Pressemitteilung HCLM Health GmbH"},"content":{"rendered":"\t\t<div data-elementor-type=\"wp-page\" data-elementor-id=\"13203\" class=\"elementor elementor-13203\" data-elementor-post-type=\"page\">\n\t\t\t\t\t\t<section class=\"elementor-section elementor-top-section elementor-element elementor-element-6f5e4ca elementor-section-boxed elementor-section-height-default elementor-section-height-default\" data-id=\"6f5e4ca\" data-element_type=\"section\" data-e-type=\"section\">\n\t\t\t\t\t\t<div class=\"elementor-container elementor-column-gap-default\">\n\t\t\t\t\t<div class=\"elementor-column elementor-col-100 elementor-top-column elementor-element elementor-element-d5c4c9c\" data-id=\"d5c4c9c\" data-element_type=\"column\" data-e-type=\"column\">\n\t\t\t<div class=\"elementor-widget-wrap elementor-element-populated\">\n\t\t\t\t\t\t<div class=\"elementor-element elementor-element-19d6034 elementor-widget elementor-widget-spacer\" data-id=\"19d6034\" data-element_type=\"widget\" data-e-type=\"widget\" data-widget_type=\"spacer.default\">\n\t\t\t\t<div class=\"elementor-widget-container\">\n\t\t\t\t\t\t\t<div class=\"elementor-spacer\">\n\t\t\t<div class=\"elementor-spacer-inner\"><\/div>\n\t\t<\/div>\n\t\t\t\t\t\t<\/div>\n\t\t\t\t<\/div>\n\t\t\t\t\t<\/div>\n\t\t<\/div>\n\t\t\t\t\t<\/div>\n\t\t<\/section>\n\t\t\t\t<section class=\"elementor-section elementor-top-section elementor-element elementor-element-91b0145 elementor-section-boxed elementor-section-height-default elementor-section-height-default\" data-id=\"91b0145\" data-element_type=\"section\" data-e-type=\"section\">\n\t\t\t\t\t\t<div class=\"elementor-container elementor-column-gap-default\">\n\t\t\t\t\t<div class=\"elementor-column elementor-col-100 elementor-top-column elementor-element elementor-element-0fda8c7\" data-id=\"0fda8c7\" data-element_type=\"column\" data-e-type=\"column\">\n\t\t\t<div class=\"elementor-widget-wrap elementor-element-populated\">\n\t\t\t\t\t\t<div class=\"elementor-element elementor-element-02418b3 elementor-widget elementor-widget-image\" data-id=\"02418b3\" data-element_type=\"widget\" data-e-type=\"widget\" data-widget_type=\"image.default\">\n\t\t\t\t<div class=\"elementor-widget-container\">\n\t\t\t\t\t\t\t\t\t\t\t\t\t\t\t<img fetchpriority=\"high\" decoding=\"async\" width=\"768\" height=\"192\" src=\"https:\/\/dragonflip.com\/wp-content\/uploads\/2024\/05\/Color-Logo-with-Co-Name-768x192.png\" class=\"attachment-medium_large size-medium_large wp-image-9712\" alt=\"\" srcset=\"https:\/\/dragonflip.com\/wp-content\/uploads\/2024\/05\/Color-Logo-with-Co-Name-768x192.png 768w, https:\/\/dragonflip.com\/wp-content\/uploads\/2024\/05\/Color-Logo-with-Co-Name-300x75.png 300w, https:\/\/dragonflip.com\/wp-content\/uploads\/2024\/05\/Color-Logo-with-Co-Name-1024x255.png 1024w, https:\/\/dragonflip.com\/wp-content\/uploads\/2024\/05\/Color-Logo-with-Co-Name-1536x383.png 1536w, https:\/\/dragonflip.com\/wp-content\/uploads\/2024\/05\/Color-Logo-with-Co-Name-2048x511.png 2048w\" sizes=\"(max-width: 768px) 100vw, 768px\" \/>\t\t\t\t\t\t\t\t\t\t\t\t\t\t\t<\/div>\n\t\t\t\t<\/div>\n\t\t\t\t\t<\/div>\n\t\t<\/div>\n\t\t\t\t\t<\/div>\n\t\t<\/section>\n\t\t\t\t<section class=\"elementor-section elementor-top-section elementor-element elementor-element-74b4305 elementor-section-boxed elementor-section-height-default elementor-section-height-default\" data-id=\"74b4305\" data-element_type=\"section\" data-e-type=\"section\">\n\t\t\t\t\t\t<div class=\"elementor-container elementor-column-gap-default\">\n\t\t\t\t\t<div class=\"elementor-column elementor-col-100 elementor-top-column elementor-element elementor-element-ca1245c\" data-id=\"ca1245c\" data-element_type=\"column\" data-e-type=\"column\">\n\t\t\t<div class=\"elementor-widget-wrap elementor-element-populated\">\n\t\t\t\t\t\t<div class=\"elementor-element elementor-element-7ba4eb8 elementor-widget elementor-widget-heading\" data-id=\"7ba4eb8\" data-element_type=\"widget\" data-e-type=\"widget\" data-widget_type=\"heading.default\">\n\t\t\t\t<div class=\"elementor-widget-container\">\n\t\t\t\t\t<h2 class=\"elementor-heading-title elementor-size-default\">Pressemitteilung<\/h2>\t\t\t\t<\/div>\n\t\t\t\t<\/div>\n\t\t\t\t\t<\/div>\n\t\t<\/div>\n\t\t\t\t\t<\/div>\n\t\t<\/section>\n\t\t\t\t<section class=\"elementor-section elementor-top-section elementor-element elementor-element-ea9f7d0 elementor-section-boxed elementor-section-height-default elementor-section-height-default\" data-id=\"ea9f7d0\" data-element_type=\"section\" data-e-type=\"section\">\n\t\t\t\t\t\t<div class=\"elementor-container elementor-column-gap-default\">\n\t\t\t\t\t<div class=\"elementor-column elementor-col-100 elementor-top-column elementor-element elementor-element-f808240\" data-id=\"f808240\" data-element_type=\"column\" data-e-type=\"column\">\n\t\t\t<div class=\"elementor-widget-wrap elementor-element-populated\">\n\t\t\t\t\t\t<div class=\"elementor-element elementor-element-a3380f6 elementor-widget elementor-widget-heading\" data-id=\"a3380f6\" data-element_type=\"widget\" data-e-type=\"widget\" data-widget_type=\"heading.default\">\n\t\t\t\t<div class=\"elementor-widget-container\">\n\t\t\t\t\t<h2 class=\"elementor-heading-title elementor-size-default\">Frankfurt\/Main \u2013 RCM Holding 2 GmbH \u00fcbernimmt Consumer Health Anbieter HCLM Health GmbH <\/h2>\t\t\t\t<\/div>\n\t\t\t\t<\/div>\n\t\t\t\t\t<\/div>\n\t\t<\/div>\n\t\t\t\t\t<\/div>\n\t\t<\/section>\n\t\t\t\t<section class=\"elementor-section elementor-top-section elementor-element elementor-element-6288138 elementor-section-boxed elementor-section-height-default elementor-section-height-default\" data-id=\"6288138\" data-element_type=\"section\" data-e-type=\"section\">\n\t\t\t\t\t\t<div class=\"elementor-container elementor-column-gap-default\">\n\t\t\t\t\t<div class=\"elementor-column elementor-col-100 elementor-top-column elementor-element elementor-element-f59a872\" data-id=\"f59a872\" data-element_type=\"column\" data-e-type=\"column\">\n\t\t\t<div class=\"elementor-widget-wrap elementor-element-populated\">\n\t\t\t\t\t\t<div class=\"elementor-element elementor-element-078d212 elementor-widget elementor-widget-text-editor\" data-id=\"078d212\" data-element_type=\"widget\" data-e-type=\"widget\" data-widget_type=\"text-editor.default\">\n\t\t\t\t<div class=\"elementor-widget-container\">\n\t\t\t\t\t\t\t\t\t<p><span style=\"text-align: justify; color: var( --e-global-color-text ); font-family: var( --e-global-typography-text-font-family ), Sans-serif; font-size: var( --e-global-typography-text-font-size ); font-weight: var( --e-global-typography-text-font-weight );\">Die HCLM Health GmbH (\u201eHCLM Health\u201c) produziert und vermarktet Consumer Health Produkte sowohl mittels Direct-to-Consumer Vertrieb als auch den Pharmagro\u00dfhandel. Mit den Marken Lady Passion\u00ae und ReJuval\u00ae konnten relevante Marktanteile erreicht werden. HCLM Health wurde 2020 in Frankfurt von dem Unternehmer Moritz G\u00f6lkel gegr\u00fcndet. Dabei fokussiert sich das Unternehmen von Beginn an auf die Entwicklung und Vermarktung von innovativen Produkten f\u00fcr Menschen, die von Stress und damit verbundenen Anwendungsbieten betroffen sind. HCLM Health verbindet hierbei in besonderer Weise wissenschaftliche Expertise mit neuen kundenzentrierten Marketingans\u00e4tzen. Des Weiteren ist HCLM Health in mehrere Forschungskooperationen eingebunden, um zuk\u00fcnftig weitere Produkte entlang des gesamten Krankheitsverlaufes verschiedener Indikationen zu entwickeln und zu positionieren. Zuletzt in einem Biomarker Discovery Projekt f\u00fcr psychiatrische Erkrankungen.<\/span><\/p><p style=\"--tw-border-spacing-x: 0; --tw-border-spacing-y: 0; --tw-translate-x: 0; --tw-translate-y: 0; --tw-rotate: 0; --tw-skew-x: 0; --tw-skew-y: 0; --tw-scale-x: 1; --tw-scale-y: 1; --tw-scroll-snap-strictness: proximity; --tw-ring-offset-width: 0px; --tw-ring-offset-color: #fff; --tw-ring-color: rgba(59,130,246,.5); --tw-ring-offset-shadow: 0 0 #0000; --tw-ring-shadow: 0 0 #0000; --tw-shadow: 0 0 #0000; --tw-shadow-colored: 0 0 #0000; text-align: justify;\">Die RCM Holding 2 GmbH (\u201eRCM\u201c) ist ein strategischer Investor, der eine konsequente Buy-and-Build Strategie f\u00fcr innovative Gesundheitsunternehmen verfolgt. Dabei profitiert sie von der jahrzehntelangen Gr\u00fcndungs- und F\u00fchrungserfahrung im Biotech-Bereich des Eigent\u00fcmers. Dieser geh\u00f6rt zu den Pionieren im Bereich Antisense Drug Discovery und hat die Unternehmen Secarna Pharmaceuticals und Sterna Biologicals mitgegr\u00fcndet. Ein weiteres Portfoliounternehmen ist unter anderem der innovative Medizinproduktehersteller H\u00e4nsler Medical Group.<\/p><p style=\"--tw-border-spacing-x: 0; --tw-border-spacing-y: 0; --tw-translate-x: 0; --tw-translate-y: 0; --tw-rotate: 0; --tw-skew-x: 0; --tw-skew-y: 0; --tw-scale-x: 1; --tw-scale-y: 1; --tw-scroll-snap-strictness: proximity; --tw-ring-offset-width: 0px; --tw-ring-offset-color: #fff; --tw-ring-color: rgba(59,130,246,.5); --tw-ring-offset-shadow: 0 0 #0000; --tw-ring-shadow: 0 0 #0000; --tw-shadow: 0 0 #0000; --tw-shadow-colored: 0 0 #0000; text-align: justify;\">Jonas Renz, CEO der RCM, freut sich \u00fcber den Unternehmenszuwachs: \u201e<em style=\"--tw-border-spacing-x: 0; --tw-border-spacing-y: 0; --tw-translate-x: 0; --tw-translate-y: 0; --tw-rotate: 0; --tw-skew-x: 0; --tw-skew-y: 0; --tw-scale-x: 1; --tw-scale-y: 1; --tw-scroll-snap-strictness: proximity; --tw-ring-offset-width: 0px; --tw-ring-offset-color: #fff; --tw-ring-color: rgba(59,130,246,.5); --tw-ring-offset-shadow: 0 0 #0000; --tw-ring-shadow: 0 0 #0000; --tw-shadow: 0 0 #0000; --tw-shadow-colored: 0 0 #0000;\">Durch die HCLM Health erreichen wir einerseits eine horizontale Erweiterung unseres Produktportfolios und zugleich er\u00f6ffnen wir durch unser umfangreiches strategisches Netzwerk starke Wachstumshebel: Sowohl durch geografische Expansion als auch eine erh\u00f6hte Marktdurchdringung mittels unserer Expertise in Consumer Education. Zugleich sollen strategische Vertriebssynergieeffekte mit der H\u00e4nsler Medical Group generiert werden.<\/em>\u201c<\/p><p style=\"--tw-border-spacing-x: 0; --tw-border-spacing-y: 0; --tw-translate-x: 0; --tw-translate-y: 0; --tw-rotate: 0; --tw-skew-x: 0; --tw-skew-y: 0; --tw-scale-x: 1; --tw-scale-y: 1; --tw-scroll-snap-strictness: proximity; --tw-ring-offset-width: 0px; --tw-ring-offset-color: #fff; --tw-ring-color: rgba(59,130,246,.5); --tw-ring-offset-shadow: 0 0 #0000; --tw-ring-shadow: 0 0 #0000; --tw-shadow: 0 0 #0000; --tw-shadow-colored: 0 0 #0000; text-align: justify;\">\u00dcber weitere Details der Transaktion haben die beteiligten Parteien Stillschweigen vereinbart.<\/p>\t\t\t\t\t\t\t\t<\/div>\n\t\t\t\t<\/div>\n\t\t\t\t\t<\/div>\n\t\t<\/div>\n\t\t\t\t\t<\/div>\n\t\t<\/section>\n\t\t\t\t<section class=\"elementor-section elementor-top-section elementor-element elementor-element-22f8feb elementor-section-boxed elementor-section-height-default elementor-section-height-default\" data-id=\"22f8feb\" data-element_type=\"section\" data-e-type=\"section\">\n\t\t\t\t\t\t<div class=\"elementor-container elementor-column-gap-default\">\n\t\t\t\t\t<div class=\"elementor-column elementor-col-100 elementor-top-column elementor-element elementor-element-1a96528\" data-id=\"1a96528\" data-element_type=\"column\" data-e-type=\"column\">\n\t\t\t<div class=\"elementor-widget-wrap elementor-element-populated\">\n\t\t\t\t\t\t<div class=\"elementor-element elementor-element-ed83d9a elementor-widget-divider--view-line elementor-widget elementor-widget-divider\" data-id=\"ed83d9a\" data-element_type=\"widget\" data-e-type=\"widget\" data-widget_type=\"divider.default\">\n\t\t\t\t<div class=\"elementor-widget-container\">\n\t\t\t\t\t\t\t<div class=\"elementor-divider\">\n\t\t\t<span class=\"elementor-divider-separator\">\n\t\t\t\t\t\t<\/span>\n\t\t<\/div>\n\t\t\t\t\t\t<\/div>\n\t\t\t\t<\/div>\n\t\t\t\t\t<\/div>\n\t\t<\/div>\n\t\t\t\t\t<\/div>\n\t\t<\/section>\n\t\t\t\t<section class=\"elementor-section elementor-top-section elementor-element elementor-element-bf272fb elementor-section-boxed elementor-section-height-default elementor-section-height-default\" data-id=\"bf272fb\" data-element_type=\"section\" data-e-type=\"section\">\n\t\t\t\t\t\t<div class=\"elementor-container elementor-column-gap-default\">\n\t\t\t\t\t<div class=\"elementor-column elementor-col-100 elementor-top-column elementor-element elementor-element-3bed301\" data-id=\"3bed301\" data-element_type=\"column\" data-e-type=\"column\">\n\t\t\t<div class=\"elementor-widget-wrap elementor-element-populated\">\n\t\t\t\t\t\t<div class=\"elementor-element elementor-element-f7434ae elementor-widget elementor-widget-image\" data-id=\"f7434ae\" data-element_type=\"widget\" data-e-type=\"widget\" data-widget_type=\"image.default\">\n\t\t\t\t<div class=\"elementor-widget-container\">\n\t\t\t\t\t\t\t\t\t\t\t\t\t\t\t<img decoding=\"async\" width=\"1\" height=\"1\" src=\"https:\/\/dragonflip.com\/wp-content\/uploads\/2019\/07\/2019-07-31-logo-dragonflip-website.svg\" class=\"attachment-large size-large wp-image-794\" alt=\"\" \/>\t\t\t\t\t\t\t\t\t\t\t\t\t\t\t<\/div>\n\t\t\t\t<\/div>\n\t\t\t\t\t<\/div>\n\t\t<\/div>\n\t\t\t\t\t<\/div>\n\t\t<\/section>\n\t\t\t\t<\/div>\n\t\t","protected":false},"excerpt":{"rendered":"<p>Pressemitteilung Frankfurt\/Main \u2013 RCM Holding 2 GmbH \u00fcbernimmt Consumer Health Anbieter HCLM Health GmbH Die HCLM Health GmbH (\u201eHCLM Health\u201c) produziert und vermarktet Consumer Health Produkte sowohl mittels Direct-to-Consumer Vertrieb als auch den Pharmagro\u00dfhandel. Mit den Marken Lady Passion\u00ae und ReJuval\u00ae konnten relevante Marktanteile erreicht werden. HCLM Health wurde 2020 in Frankfurt von dem Unternehmer [&hellip;]<\/p>\n","protected":false},"author":13,"featured_media":0,"parent":0,"menu_order":0,"comment_status":"closed","ping_status":"closed","template":"","meta":{"_acf_changed":false,"footnotes":""},"class_list":["post-13203","page","type-page","status-publish","hentry"],"acf":[],"yoast_head":"<!-- This site is optimized with the Yoast SEO plugin v27.4 - https:\/\/yoast.com\/product\/yoast-seo-wordpress\/ -->\n<title>Pressemitteilung HCLM Health GmbH - Dragonflip | Buy and Sell an Online Business<\/title>\n<meta name=\"robots\" content=\"index, follow, max-snippet:-1, max-image-preview:large, max-video-preview:-1\" \/>\n<link rel=\"canonical\" href=\"http:\/\/dragonflip.com.w01d6fed.kasserver.com\/de\/pressemitteilung-hclm-health-gmbh-1\/\" \/>\n<meta property=\"og:locale\" content=\"de_DE\" \/>\n<meta property=\"og:type\" content=\"article\" \/>\n<meta property=\"og:title\" content=\"Pressemitteilung HCLM Health GmbH - Dragonflip | Buy and Sell an Online Business\" \/>\n<meta property=\"og:description\" content=\"Pressemitteilung Frankfurt\/Main \u2013 RCM Holding 2 GmbH \u00fcbernimmt Consumer Health Anbieter HCLM Health GmbH Die HCLM Health GmbH (\u201eHCLM Health\u201c) produziert und vermarktet Consumer Health Produkte sowohl mittels Direct-to-Consumer Vertrieb als auch den Pharmagro\u00dfhandel. Mit den Marken Lady Passion\u00ae und ReJuval\u00ae konnten relevante Marktanteile erreicht werden. HCLM Health wurde 2020 in Frankfurt von dem Unternehmer [&hellip;]\" \/>\n<meta property=\"og:url\" content=\"http:\/\/dragonflip.com.w01d6fed.kasserver.com\/de\/pressemitteilung-hclm-health-gmbh-1\/\" \/>\n<meta property=\"og:site_name\" content=\"Dragonflip | Buy and Sell an Online Business\" \/>\n<meta property=\"article:modified_time\" content=\"2025-06-18T09:22:24+00:00\" \/>\n<meta property=\"og:image\" content=\"https:\/\/dragonflip.com\/wp-content\/uploads\/2024\/05\/Color-Logo-with-Co-Name-768x192.png\" \/>\n<meta name=\"twitter:card\" content=\"summary_large_image\" \/>\n<meta name=\"twitter:label1\" content=\"Gesch\u00e4tzte Lesezeit\" \/>\n\t<meta name=\"twitter:data1\" content=\"1\u00a0Minute\" \/>\n<script type=\"application\/ld+json\" class=\"yoast-schema-graph\">{\"@context\":\"https:\\\/\\\/schema.org\",\"@graph\":[{\"@type\":\"WebPage\",\"@id\":\"http:\\\/\\\/dragonflip.com.w01d6fed.kasserver.com\\\/de\\\/pressemitteilung-hclm-health-gmbh-1\\\/\",\"url\":\"http:\\\/\\\/dragonflip.com.w01d6fed.kasserver.com\\\/de\\\/pressemitteilung-hclm-health-gmbh-1\\\/\",\"name\":\"Pressemitteilung HCLM Health GmbH - Dragonflip | Buy and Sell an Online Business\",\"isPartOf\":{\"@id\":\"http:\\\/\\\/dragonflip.com.w01d6fed.kasserver.com\\\/de\\\/#website\"},\"primaryImageOfPage\":{\"@id\":\"http:\\\/\\\/dragonflip.com.w01d6fed.kasserver.com\\\/de\\\/pressemitteilung-hclm-health-gmbh-1\\\/#primaryimage\"},\"image\":{\"@id\":\"http:\\\/\\\/dragonflip.com.w01d6fed.kasserver.com\\\/de\\\/pressemitteilung-hclm-health-gmbh-1\\\/#primaryimage\"},\"thumbnailUrl\":\"https:\\\/\\\/dragonflip.com\\\/wp-content\\\/uploads\\\/2024\\\/05\\\/Color-Logo-with-Co-Name-768x192.png\",\"datePublished\":\"2025-06-18T09:19:49+00:00\",\"dateModified\":\"2025-06-18T09:22:24+00:00\",\"breadcrumb\":{\"@id\":\"http:\\\/\\\/dragonflip.com.w01d6fed.kasserver.com\\\/de\\\/pressemitteilung-hclm-health-gmbh-1\\\/#breadcrumb\"},\"inLanguage\":\"de\",\"potentialAction\":[{\"@type\":\"ReadAction\",\"target\":[\"http:\\\/\\\/dragonflip.com.w01d6fed.kasserver.com\\\/de\\\/pressemitteilung-hclm-health-gmbh-1\\\/\"]}]},{\"@type\":\"ImageObject\",\"inLanguage\":\"de\",\"@id\":\"http:\\\/\\\/dragonflip.com.w01d6fed.kasserver.com\\\/de\\\/pressemitteilung-hclm-health-gmbh-1\\\/#primaryimage\",\"url\":\"https:\\\/\\\/dragonflip.com\\\/wp-content\\\/uploads\\\/2024\\\/05\\\/Color-Logo-with-Co-Name-768x192.png\",\"contentUrl\":\"https:\\\/\\\/dragonflip.com\\\/wp-content\\\/uploads\\\/2024\\\/05\\\/Color-Logo-with-Co-Name-768x192.png\"},{\"@type\":\"BreadcrumbList\",\"@id\":\"http:\\\/\\\/dragonflip.com.w01d6fed.kasserver.com\\\/de\\\/pressemitteilung-hclm-health-gmbh-1\\\/#breadcrumb\",\"itemListElement\":[{\"@type\":\"ListItem\",\"position\":1,\"name\":\"Startseite\",\"item\":\"https:\\\/\\\/dragonflip.com\\\/en\\\/\"},{\"@type\":\"ListItem\",\"position\":2,\"name\":\"Pressemitteilung HCLM Health GmbH\"}]},{\"@type\":\"WebSite\",\"@id\":\"http:\\\/\\\/dragonflip.com.w01d6fed.kasserver.com\\\/de\\\/#website\",\"url\":\"http:\\\/\\\/dragonflip.com.w01d6fed.kasserver.com\\\/de\\\/\",\"name\":\"Dragonflip | Buy and Sell an Online Business\",\"description\":\"Buy and Sell an Online Business\",\"publisher\":{\"@id\":\"http:\\\/\\\/dragonflip.com.w01d6fed.kasserver.com\\\/de\\\/#organization\"},\"potentialAction\":[{\"@type\":\"SearchAction\",\"target\":{\"@type\":\"EntryPoint\",\"urlTemplate\":\"http:\\\/\\\/dragonflip.com.w01d6fed.kasserver.com\\\/de\\\/?s={search_term_string}\"},\"query-input\":{\"@type\":\"PropertyValueSpecification\",\"valueRequired\":true,\"valueName\":\"search_term_string\"}}],\"inLanguage\":\"de\"},{\"@type\":\"Organization\",\"@id\":\"http:\\\/\\\/dragonflip.com.w01d6fed.kasserver.com\\\/de\\\/#organization\",\"name\":\"Dragonflip GmbH\",\"url\":\"http:\\\/\\\/dragonflip.com.w01d6fed.kasserver.com\\\/de\\\/\",\"logo\":{\"@type\":\"ImageObject\",\"inLanguage\":\"de\",\"@id\":\"http:\\\/\\\/dragonflip.com.w01d6fed.kasserver.com\\\/de\\\/#\\\/schema\\\/logo\\\/image\\\/\",\"url\":\"https:\\\/\\\/dragonflip.com\\\/wp-content\\\/uploads\\\/2019\\\/07\\\/2019-07-31-logo-dragonflip-website-white.svg\",\"contentUrl\":\"https:\\\/\\\/dragonflip.com\\\/wp-content\\\/uploads\\\/2019\\\/07\\\/2019-07-31-logo-dragonflip-website-white.svg\",\"width\":1,\"height\":1,\"caption\":\"Dragonflip GmbH\"},\"image\":{\"@id\":\"http:\\\/\\\/dragonflip.com.w01d6fed.kasserver.com\\\/de\\\/#\\\/schema\\\/logo\\\/image\\\/\"}}]}<\/script>\n<!-- \/ Yoast SEO plugin. -->","yoast_head_json":{"title":"Pressemitteilung HCLM Health GmbH - Dragonflip | Buy and Sell an Online Business","robots":{"index":"index","follow":"follow","max-snippet":"max-snippet:-1","max-image-preview":"max-image-preview:large","max-video-preview":"max-video-preview:-1"},"canonical":"http:\/\/dragonflip.com.w01d6fed.kasserver.com\/de\/pressemitteilung-hclm-health-gmbh-1\/","og_locale":"de_DE","og_type":"article","og_title":"Pressemitteilung HCLM Health GmbH - Dragonflip | Buy and Sell an Online Business","og_description":"Pressemitteilung Frankfurt\/Main \u2013 RCM Holding 2 GmbH \u00fcbernimmt Consumer Health Anbieter HCLM Health GmbH Die HCLM Health GmbH (\u201eHCLM Health\u201c) produziert und vermarktet Consumer Health Produkte sowohl mittels Direct-to-Consumer Vertrieb als auch den Pharmagro\u00dfhandel. Mit den Marken Lady Passion\u00ae und ReJuval\u00ae konnten relevante Marktanteile erreicht werden. HCLM Health wurde 2020 in Frankfurt von dem Unternehmer [&hellip;]","og_url":"http:\/\/dragonflip.com.w01d6fed.kasserver.com\/de\/pressemitteilung-hclm-health-gmbh-1\/","og_site_name":"Dragonflip | Buy and Sell an Online Business","article_modified_time":"2025-06-18T09:22:24+00:00","og_image":[{"url":"https:\/\/dragonflip.com\/wp-content\/uploads\/2024\/05\/Color-Logo-with-Co-Name-768x192.png","type":"","width":"","height":""}],"twitter_card":"summary_large_image","twitter_misc":{"Gesch\u00e4tzte Lesezeit":"1\u00a0Minute"},"schema":{"@context":"https:\/\/schema.org","@graph":[{"@type":"WebPage","@id":"http:\/\/dragonflip.com.w01d6fed.kasserver.com\/de\/pressemitteilung-hclm-health-gmbh-1\/","url":"http:\/\/dragonflip.com.w01d6fed.kasserver.com\/de\/pressemitteilung-hclm-health-gmbh-1\/","name":"Pressemitteilung HCLM Health GmbH - Dragonflip | Buy and Sell an Online Business","isPartOf":{"@id":"http:\/\/dragonflip.com.w01d6fed.kasserver.com\/de\/#website"},"primaryImageOfPage":{"@id":"http:\/\/dragonflip.com.w01d6fed.kasserver.com\/de\/pressemitteilung-hclm-health-gmbh-1\/#primaryimage"},"image":{"@id":"http:\/\/dragonflip.com.w01d6fed.kasserver.com\/de\/pressemitteilung-hclm-health-gmbh-1\/#primaryimage"},"thumbnailUrl":"https:\/\/dragonflip.com\/wp-content\/uploads\/2024\/05\/Color-Logo-with-Co-Name-768x192.png","datePublished":"2025-06-18T09:19:49+00:00","dateModified":"2025-06-18T09:22:24+00:00","breadcrumb":{"@id":"http:\/\/dragonflip.com.w01d6fed.kasserver.com\/de\/pressemitteilung-hclm-health-gmbh-1\/#breadcrumb"},"inLanguage":"de","potentialAction":[{"@type":"ReadAction","target":["http:\/\/dragonflip.com.w01d6fed.kasserver.com\/de\/pressemitteilung-hclm-health-gmbh-1\/"]}]},{"@type":"ImageObject","inLanguage":"de","@id":"http:\/\/dragonflip.com.w01d6fed.kasserver.com\/de\/pressemitteilung-hclm-health-gmbh-1\/#primaryimage","url":"https:\/\/dragonflip.com\/wp-content\/uploads\/2024\/05\/Color-Logo-with-Co-Name-768x192.png","contentUrl":"https:\/\/dragonflip.com\/wp-content\/uploads\/2024\/05\/Color-Logo-with-Co-Name-768x192.png"},{"@type":"BreadcrumbList","@id":"http:\/\/dragonflip.com.w01d6fed.kasserver.com\/de\/pressemitteilung-hclm-health-gmbh-1\/#breadcrumb","itemListElement":[{"@type":"ListItem","position":1,"name":"Startseite","item":"https:\/\/dragonflip.com\/en\/"},{"@type":"ListItem","position":2,"name":"Pressemitteilung HCLM Health GmbH"}]},{"@type":"WebSite","@id":"http:\/\/dragonflip.com.w01d6fed.kasserver.com\/de\/#website","url":"http:\/\/dragonflip.com.w01d6fed.kasserver.com\/de\/","name":"Dragonflip | Buy and Sell an Online Business","description":"Buy and Sell an Online Business","publisher":{"@id":"http:\/\/dragonflip.com.w01d6fed.kasserver.com\/de\/#organization"},"potentialAction":[{"@type":"SearchAction","target":{"@type":"EntryPoint","urlTemplate":"http:\/\/dragonflip.com.w01d6fed.kasserver.com\/de\/?s={search_term_string}"},"query-input":{"@type":"PropertyValueSpecification","valueRequired":true,"valueName":"search_term_string"}}],"inLanguage":"de"},{"@type":"Organization","@id":"http:\/\/dragonflip.com.w01d6fed.kasserver.com\/de\/#organization","name":"Dragonflip GmbH","url":"http:\/\/dragonflip.com.w01d6fed.kasserver.com\/de\/","logo":{"@type":"ImageObject","inLanguage":"de","@id":"http:\/\/dragonflip.com.w01d6fed.kasserver.com\/de\/#\/schema\/logo\/image\/","url":"https:\/\/dragonflip.com\/wp-content\/uploads\/2019\/07\/2019-07-31-logo-dragonflip-website-white.svg","contentUrl":"https:\/\/dragonflip.com\/wp-content\/uploads\/2019\/07\/2019-07-31-logo-dragonflip-website-white.svg","width":1,"height":1,"caption":"Dragonflip GmbH"},"image":{"@id":"http:\/\/dragonflip.com.w01d6fed.kasserver.com\/de\/#\/schema\/logo\/image\/"}}]}},"_links":{"self":[{"href":"https:\/\/dragonflip.com\/de\/wp-json\/wp\/v2\/pages\/13203","targetHints":{"allow":["GET"]}}],"collection":[{"href":"https:\/\/dragonflip.com\/de\/wp-json\/wp\/v2\/pages"}],"about":[{"href":"https:\/\/dragonflip.com\/de\/wp-json\/wp\/v2\/types\/page"}],"author":[{"embeddable":true,"href":"https:\/\/dragonflip.com\/de\/wp-json\/wp\/v2\/users\/13"}],"replies":[{"embeddable":true,"href":"https:\/\/dragonflip.com\/de\/wp-json\/wp\/v2\/comments?post=13203"}],"version-history":[{"count":8,"href":"https:\/\/dragonflip.com\/de\/wp-json\/wp\/v2\/pages\/13203\/revisions"}],"predecessor-version":[{"id":13211,"href":"https:\/\/dragonflip.com\/de\/wp-json\/wp\/v2\/pages\/13203\/revisions\/13211"}],"wp:attachment":[{"href":"https:\/\/dragonflip.com\/de\/wp-json\/wp\/v2\/media?parent=13203"}],"curies":[{"name":"wp","href":"https:\/\/api.w.org\/{rel}","templated":true}]}}