{"id":730,"date":"2019-07-30T22:55:57","date_gmt":"2019-07-30T21:55:57","guid":{"rendered":"http:\/\/dragonflip.com\/?page_id=730"},"modified":"2024-12-11T12:30:47","modified_gmt":"2024-12-11T11:30:47","slug":"agb-kaeufer","status":"publish","type":"page","link":"https:\/\/dragonflip.com\/de\/agb-kaeufer\/","title":{"rendered":"AGB K\u00e4ufer"},"content":{"rendered":"\t\t<div data-elementor-type=\"wp-page\" data-elementor-id=\"730\" class=\"elementor elementor-730\" data-elementor-post-type=\"page\">\n\t\t\t\t\t\t<section class=\"elementor-section elementor-top-section elementor-element elementor-element-3a7bcf87 elementor-section-boxed elementor-section-height-default elementor-section-height-default\" data-id=\"3a7bcf87\" data-element_type=\"section\" data-e-type=\"section\">\n\t\t\t\t\t\t<div class=\"elementor-container elementor-column-gap-default\">\n\t\t\t\t\t<div class=\"elementor-column elementor-col-100 elementor-top-column elementor-element elementor-element-705d3d90\" data-id=\"705d3d90\" data-element_type=\"column\" data-e-type=\"column\">\n\t\t\t<div class=\"elementor-widget-wrap elementor-element-populated\">\n\t\t\t\t\t\t<div class=\"elementor-element elementor-element-6f88c1a0 elementor-widget elementor-widget-text-editor\" data-id=\"6f88c1a0\" data-element_type=\"widget\" data-e-type=\"widget\" data-widget_type=\"text-editor.default\">\n\t\t\t\t<div class=\"elementor-widget-container\">\n\t\t\t\t\t\t\t\t\t<div><br><\/div>\n<div>\n<p class=\"p1\"><span class=\"s1\"><b>Allgemeine Gesch\u00e4ftsbedingungen<\/b><\/span><\/p>\n<p class=\"p1\"><b><\/b><span class=\"s1\"><b>1. Geltungsbereich<\/b><\/span><\/p>\n<ul>\n<li><span class=\"s1\">Die nachfolgenden Allgemeinen Gesch\u00e4ftsbedingungen (nachfolgend \u201eAGB\u201c) regeln das Vertragsverh\u00e4ltnis zwischen der<span class=\"Apple-converted-space\"> Dragonflip GmbH, vertreten durch den Gesch\u00e4ftsf\u00fchrer: Severin Borch (nachfolgend \u201eDragonflip\u201c) <\/span>und zwischen potentiellen Interessenten Listings (nachstehend \u201eK\u00e4ufer\u201c), die \u00fcber die Plattform&nbsp;<a href=\"http:\/\/www.dragonflip.com\/\"><span class=\"s2\">www.dragonflip.com<\/span><\/a><span class=\"Apple-converted-space\">&nbsp;&nbsp;<\/span>Kontakte zu potentiellen Verk\u00e4ufern (nachfolgend \u201eVerk\u00e4ufer\u201c) kn\u00fcpfen und deren Unternehmen oder Verm\u00f6gensgegenst\u00e4nde kaufen m\u00f6chten.<\/span><\/li>\n<li><span class=\"s1\">Dragonflip ist lediglich Vermittler und wird nicht Vertragspartner. Der Vertrag kommt ausschlie\u00dflich zwischen Verk\u00e4ufer und K\u00e4ufer zustande.<\/span><\/li>\n<\/ul><span style=\"background-color: transparent; color: var( --e-global-color-text ); font-family: var( --e-global-typography-text-font-family ), Sans-serif; font-weight: var( --e-global-typography-text-font-weight );\">&nbsp;<\/span><br><ul>\n<\/ul>\n<p><span class=\"s1\"><b>2. Vertragsgegenstand<\/b><\/span><\/p>\n<ul>\n<li><span class=\"s1\">Dragonflip ver\u00f6ffentlicht auf der Website <a href=\"http:\/\/www.dragonflip.com\/\"><span class=\"s2\">www.dragonflip.com<\/span><\/a>&nbsp;von Verk\u00e4ufern zur Verf\u00fcgung gestellte Listings in anonymisierter Form.<\/span><\/li>\n<li><span class=\"s1\">Der K\u00e4ufer stellt<span class=\"Apple-converted-space\">&nbsp;&nbsp;<\/span>bei ernsthaftem Interesse an einem Listing eine Anfrage. Das Formular enth\u00e4lt die Kontaktdaten des K\u00e4ufers.<\/span><\/li>\n<li><span class=\"s1\">Dragonflip sichert die Verschwiegenheit und Geheimhaltung der zur Verf\u00fcgung gestellten Unterlagen durch die Unterzeichnung einer Vertraulichkeitserkl\u00e4rung des K\u00e4ufers.<\/span><\/li>\n<li><span class=\"s1\">Der Verk\u00e4ufer entscheidet, ob er in Kontakt mit dem potentiellen K\u00e4ufer tritt.<\/span><\/li>\n<li><span class=\"s1\">Die AGB gelten nach Entfernen des Listings auf Dragonflip noch 12 Monate fort.<\/span><\/li><\/ul><br><ul>\n<\/ul>\n<p><span class=\"s1\"><b>3. Pflichten des K\u00e4ufers<\/b><\/span>&nbsp;<b><\/b><\/p>\n<ul>\n<li><span class=\"s1\">Im Falle einer erfolgreichen Vermittlung der Kontakte zwischen dem Verk\u00e4ufer und dem K\u00e4ufer ist der K\u00e4ufer verpflichtet Dragonflip unverz\u00fcglich, sp\u00e4testens innerhalb von 14 Tagen, nach einem erfolgreichen Verkauf per E-Mail an hello@dragonflip.com zu informieren.<\/span><\/li>\n<li><span class=\"s1\">Eine Vermittlung gilt als erfolgreich, wenn der K\u00e4ufer und der Verk\u00e4ufer einen Vertrag schlie\u00dfen.<\/span><\/li>\n<li><span class=\"s1\">Der K\u00e4ufer ist weiter verpflichtet unverz\u00fcglich, sp\u00e4testens innerhalb von 14 Tagen, nach Erhalt des unterschriebenen Vertrages eine Kopie an Dragonflip zu \u00fcbermitteln. Die Vertragskopie ist per E-Mail an hello@dragonflip.com zu senden.<\/span><\/li><\/ul><br><ul>\n<\/ul>\n<p><span class=\"s1\"><b>4. Verg\u00fctung<\/b><\/span><\/p>\n<ul>\n<li class=\"p5\"><span class=\"s1\">Im Falle einer erfolgreichen Vermittlung der Kontakte zwischen K\u00e4ufer und Verk\u00e4ufer erhebt Dragonflip gegen\u00fcber dem Verk\u00e4ufer eine Vermittlungsprovision. F\u00fcr den K\u00e4ufer ist die Nutzung der Vermittlungsplattform Dragonflip kostenfrei.<br><\/span><\/li><\/ul><br><ul>\n<\/ul>\n<p class=\"p5\"><b>5. Haftung<\/b><\/p>\n<ul>\n<li><span class=\"s1\">DragonFlip \u00fcbernimmt keine Haftung f\u00fcr jegliche Informationen, die der Verk\u00e4ufer oder der K\u00e4ufer Dragonflip zu jeglichem Zeitpunkt zur Verf\u00fcgung gestellt hat.<\/span><\/li>\n<li><span class=\"s1\">Die Haftung f\u00fcr leicht fahrl\u00e4ssige Pflichtverletzungen beschr\u00e4nkt sich auf vorhersehbare vertragstypische, unmittelbare Sch\u00e4den, sofern nicht Sch\u00e4den aus der Verletzung des Lebens, des K\u00f6rpers oder der Gesundheit oder Garantien betroffen oder Anspr\u00fcche nach dem Produkthaftungsgesetz ber\u00fchrt sind.<\/span><\/li>\n<li><span class=\"s1\">Dragonflip stellt dem Verk\u00e4ufer als Service von Dragonflip einen unverbindlichen Standard-Vertrag zur Verf\u00fcgung. Verk\u00e4ufer und K\u00e4ufer sind in der Wahl des Vertrages jedoch grunds\u00e4tzlich frei. Sollten sich bei der Abwicklung des Verkaufs aufgrund der Verwendung des Standard-Vertrages Unstimmigkeiten ergeben, so haftet DragonFlip hierf\u00fcr nicht. Den Parteien wird empfohlen bei Unsicherheiten rechtlichen Rat einzuholen.<\/span><\/li>\n<\/ul>\n<\/div>\n<p><!-- {\"type\":\"layout\",\"children\":[{\"type\":\"section\",\"props\":{\"style\":\"muted\",\"width\":\"default\",\"vertical_align\":\"middle\",\"title_position\":\"top-left\",\"title_rotation\":\"left\",\"title_breakpoint\":\"xl\",\"image_position\":\"center-center\"},\"children\":[{\"type\":\"row\",\"children\":[{\"type\":\"column\",\"props\":{\"image_position\":\"center-center\",\"media_overlay_gradient\":\"\",\"style\":\"default\",\"width_medium\":\"1-1\"},\"children\":[{\"type\":\"headline\",\"props\":{\"title_element\":\"h1\",\"title_decoration\":\"bullet\",\"content\":\"AGB K\\u00e4ufer\"}},{\"type\":\"text\",\"props\":{\"margin\":\"default\",\"column_breakpoint\":\"m\",\"content\":\"<\/p>\n<p class=\\\"p1\\\"><span class=\\\"s1\\\"><b>Allgemeine Gesch\\u00e4ftsbedingungen zwischen DragonFlip und dem K\\u00e4ufer<\\\/b><\\\/span><\\\/p>\\n<\/p>\n<p class=\\\"p1\\\"><b><\\\/b><span class=\\\"s1\\\"><b>1. Geltungsbereich<\\\/b><\\\/span><\\\/p>\\n<\/p>\n<ul>\\n<\/p>\n<li><span class=\\\"s1\\\">Die nachfolgenden Allgemeinen Gesch\\u00e4ftsbedingungen (nachfolgend \\u201eAGB\\u201c) regeln das Vertragsverh\\u00e4ltnis zwischen der<span class=\\\"Apple-converted-space\\\"> Dragonflip GmbH, vertreten durch den Gesch\\u00e4ftsf\\u00fchrer: Wilhlem Reich (nachfolgend \\u201eDragonflip\\u201c) <\\\/span>und zwischen potentiellen Interessenten an Amazon-Listings (nachstehend \\u201eK\\u00e4ufer\\u201c), die \\u00fcber die Plattform\\u00a0<a href=\\\"http:\\\/\\\/www.dragonflip.com\\\/\\\"><span class=\\\"s2\\\">www.dragonflip.com<\\\/span><\\\/a><span class=\\\"Apple-converted-space\\\">\\u00a0\\u00a0<\\\/span>Kontakte zu potentiellen Verk\\u00e4ufern (nachfolgend \\u201eVerk\\u00e4ufer\\u201c) kn\\u00fcpfen und deren Unternehmen oder Verm\\u00f6gensgegenst\\u00e4nde kaufen m\\u00f6chten.<\\\/span><\\\/li>\\n\n<li><span class=\\\"s1\\\">DragonFlip ist lediglich Vermittler und wird nicht Vertragspartner. Der Vertrag kommt ausschlie\\u00dflich zwischen Verk\\u00e4ufer und K\\u00e4ufer zustande.<\\\/span><b><\\\/b><\\\/li>\\n<\\\/ul>\\n\n<p><span class=\\\"s1\\\"><b>2. Vertragsgegenstand<\\\/b><\\\/span><\\\/p>\\n<\/p>\n<ul>\\n<\/p>\n<li><span class=\\\"s1\\\">Dragonflip ver\\u00f6ffentlicht auf seiner Website <a href=\\\"http:\\\/\\\/www.dragonflip.com\\\/\\\"><span class=\\\"s2\\\">www.dragonflip.com<\\\/span><\\\/a>\\u00a0von Verk\\u00e4ufern zur Verf\\u00fcgung gestellte Listings in anonymisierter Form.<\\\/span><\\\/li>\\n\n<li><span class=\\\"s1\\\">Der K\\u00e4ufer stellt<span class=\\\"Apple-converted-space\\\">\\u00a0\\u00a0<\\\/span>bei ernsthaftem Interesse an einem Listing eine Anfrage per Formular. Das Formular enth\\u00e4lt die Kontaktdaten des K\\u00e4ufers und einen Liquidit\\u00e4tsnachweis.<\\\/span><\\\/li>\\n\n<li><span class=\\\"s1\\\">DragonFlip leitet die Anfrage und das Formular an den Verk\\u00e4ufer weiter.<\\\/span><\\\/li>\\n\n<li><span class=\\\"s1\\\">Der Verk\\u00e4ufer entscheidet, ob er in Kontakt mit dem potentiellen K\\u00e4ufer tritt.<\\\/span><\\\/li>\\n\n<li><span class=\\\"s1\\\">Die AGB gelten nach Entfernen des Listings auf DragonFlip noch 12 Monate fort.<\\\/span><\\\/li>\\n<\\\/ul>\\n\n<p><span class=\\\"s1\\\"><b>3. Pflichten des K\\u00e4ufers<\\\/b><\\\/span>\\u00a0<b><\\\/b><\\\/p>\\n<\/p>\n<ul>\\n<\/p>\n<li><span class=\\\"s1\\\">Im Falle einer erfolgreichen Vermittlung der Kontakte zwischen dem Verk\\u00e4ufer und dem K\\u00e4ufer ist der K\\u00e4ufer verpflichtet DragonFlip unverz\\u00fcglich, sp\\u00e4testens innerhalb von 14 Tagen, nach einem erfolgreichen Verkauf per E-Mail an hello@dragonflip.com zu informieren.<\\\/span><\\\/li>\\n\n<li><span class=\\\"s1\\\">Eine Vermittlung gilt als erfolgreich, wenn der K\\u00e4ufer und der Verk\\u00e4ufer einen Vertrag schlie\\u00dfen.<\\\/span><\\\/li>\\n\n<li><span class=\\\"s1\\\">Der K\\u00e4ufer ist weiter verpflichtet unverz\\u00fcglich, sp\\u00e4testens innerhalb von 14 Tagen, nach Erhalt des unterschriebenen Vertrages eine Kopie an DragonFlip zu \\u00fcbermitteln. Die Vertragskopie ist per E-Mail an hello@dragonflip.com zu senden.<\\\/span><\\\/li>\\n<\\\/ul>\\n\n<p><span class=\\\"s1\\\"><b>4. Verg\\u00fctung<\\\/b><\\\/span><\\\/p>\\n<\/p>\n<ul>\\n<\/p>\n<li class=\\\"p5\\\"><span class=\\\"s1\\\">Im Falle einer erfolgreichen Vermittlung der Kontakte zwischen K\\u00e4ufer und Verk\\u00e4ufer erhebt DragonFlip gegen\\u00fcber dem Verk\\u00e4ufer eine Vermittlungsprovision. F\\u00fcr den K\\u00e4ufer ist die Nutzung der Vermittlungsplattform DragonFlip kostenfrei.<br \\\/><\\\/span><\\\/li>\\n<\\\/ul>\\n<br \/><p class=\\\"p5\\\"><b>5. Haftung<\\\/b><\\\/p>\\n<\/p>\n<ul>\\n<\/p>\n<li><span class=\\\"s1\\\">DragonFlip \\u00fcbernimmt keine Haftung f\\u00fcr jegliche Informationen, die der Verk\\u00e4ufer oder der K\\u00e4ufer Dragonflip zu jeglichem Zeitpunkt zur Verf\\u00fcgung gestellt hat.<\\\/span><\\\/li>\\n\n<li><span class=\\\"s1\\\">Die Haftung f\\u00fcr leicht fahrl\\u00e4ssige Pflichtverletzungen beschr\\u00e4nkt sich auf vorhersehbare vertragstypische, unmittelbare Sch\\u00e4den, sofern nicht Sch\\u00e4den aus der Verletzung des Lebens, des K\\u00f6rpers oder der Gesundheit oder Garantien betroffen oder Anspr\\u00fcche nach dem Produkthaftungsgesetz ber\\u00fchrt sind.<\\\/span><\\\/li>\\n\n<li><span class=\\\"s1\\\">DragonFlip stellt dem Verk\\u00e4ufer als Service von DragonFlip einen unverbindlichen Standard-Vertrag zur Verf\\u00fcgung. Verk\\u00e4ufer und K\\u00e4ufer sind in der Wahl des Vertrages jedoch grunds\\u00e4tzlich frei. Sollten sich bei der Abwicklung des Verkaufs aufgrund der Verwendung des Standard-Vertrages Unstimmigkeiten ergeben, so haftet DragonFlip hierf\\u00fcr nicht. Den Parteien wird empfohlen bei Unsicherheiten rechtlichen Rat einzuholen.<\\\/span><\\\/li>\\n<\\\/ul>\"}}]}]}]}],\"version\":\"2.3.31\"} --><\/p>\t\t\t\t\t\t\t\t<\/div>\n\t\t\t\t<\/div>\n\t\t\t\t\t<\/div>\n\t\t<\/div>\n\t\t\t\t\t<\/div>\n\t\t<\/section>\n\t\t\t\t<\/div>\n\t\t","protected":false},"excerpt":{"rendered":"<p>Allgemeine Gesch\u00e4ftsbedingungen 1. Geltungsbereich Die nachfolgenden Allgemeinen Gesch\u00e4ftsbedingungen (nachfolgend \u201eAGB\u201c) regeln das Vertragsverh\u00e4ltnis zwischen der Dragonflip GmbH, vertreten durch den Gesch\u00e4ftsf\u00fchrer: Severin Borch (nachfolgend \u201eDragonflip\u201c) und zwischen potentiellen Interessenten Listings (nachstehend \u201eK\u00e4ufer\u201c), die \u00fcber die Plattform&nbsp;www.dragonflip.com&nbsp;&nbsp;Kontakte zu potentiellen Verk\u00e4ufern (nachfolgend \u201eVerk\u00e4ufer\u201c) kn\u00fcpfen und deren Unternehmen oder Verm\u00f6gensgegenst\u00e4nde kaufen m\u00f6chten. Dragonflip ist lediglich Vermittler und wird [&hellip;]<\/p>\n","protected":false},"author":3,"featured_media":0,"parent":0,"menu_order":0,"comment_status":"closed","ping_status":"closed","template":"","meta":{"_acf_changed":false,"footnotes":""},"class_list":["post-730","page","type-page","status-publish","hentry"],"acf":[],"yoast_head":"<!-- This site is optimized with the Yoast SEO plugin v27.4 - https:\/\/yoast.com\/product\/yoast-seo-wordpress\/ -->\n<title>AGB K\u00e4ufer - Dragonflip | Buy and Sell an Online Business<\/title>\n<meta name=\"robots\" content=\"index, follow, max-snippet:-1, max-image-preview:large, max-video-preview:-1\" \/>\n<link rel=\"canonical\" href=\"http:\/\/dragonflip.com.w01d6fed.kasserver.com\/de\/agb-kaeufer\/\" \/>\n<meta property=\"og:locale\" content=\"de_DE\" \/>\n<meta property=\"og:type\" content=\"article\" \/>\n<meta property=\"og:title\" content=\"AGB K\u00e4ufer - Dragonflip | Buy and Sell an Online Business\" \/>\n<meta property=\"og:description\" content=\"Allgemeine Gesch\u00e4ftsbedingungen 1. Geltungsbereich Die nachfolgenden Allgemeinen Gesch\u00e4ftsbedingungen (nachfolgend \u201eAGB\u201c) regeln das Vertragsverh\u00e4ltnis zwischen der Dragonflip GmbH, vertreten durch den Gesch\u00e4ftsf\u00fchrer: Severin Borch (nachfolgend \u201eDragonflip\u201c) und zwischen potentiellen Interessenten Listings (nachstehend \u201eK\u00e4ufer\u201c), die \u00fcber die Plattform&nbsp;www.dragonflip.com&nbsp;&nbsp;Kontakte zu potentiellen Verk\u00e4ufern (nachfolgend \u201eVerk\u00e4ufer\u201c) kn\u00fcpfen und deren Unternehmen oder Verm\u00f6gensgegenst\u00e4nde kaufen m\u00f6chten. Dragonflip ist lediglich Vermittler und wird [&hellip;]\" \/>\n<meta property=\"og:url\" content=\"http:\/\/dragonflip.com.w01d6fed.kasserver.com\/de\/agb-kaeufer\/\" \/>\n<meta property=\"og:site_name\" content=\"Dragonflip | Buy and Sell an Online Business\" \/>\n<meta property=\"article:modified_time\" content=\"2024-12-11T11:30:47+00:00\" \/>\n<meta name=\"twitter:card\" content=\"summary_large_image\" \/>\n<meta name=\"twitter:label1\" content=\"Gesch\u00e4tzte Lesezeit\" \/>\n\t<meta name=\"twitter:data1\" content=\"4\u00a0Minuten\" \/>\n<script type=\"application\/ld+json\" class=\"yoast-schema-graph\">{\"@context\":\"https:\\\/\\\/schema.org\",\"@graph\":[{\"@type\":\"WebPage\",\"@id\":\"http:\\\/\\\/dragonflip.com.w01d6fed.kasserver.com\\\/de\\\/agb-kaeufer\\\/\",\"url\":\"http:\\\/\\\/dragonflip.com.w01d6fed.kasserver.com\\\/de\\\/agb-kaeufer\\\/\",\"name\":\"AGB K\u00e4ufer - Dragonflip | Buy and Sell an Online Business\",\"isPartOf\":{\"@id\":\"http:\\\/\\\/dragonflip.com.w01d6fed.kasserver.com\\\/de\\\/#website\"},\"datePublished\":\"2019-07-30T21:55:57+00:00\",\"dateModified\":\"2024-12-11T11:30:47+00:00\",\"breadcrumb\":{\"@id\":\"http:\\\/\\\/dragonflip.com.w01d6fed.kasserver.com\\\/de\\\/agb-kaeufer\\\/#breadcrumb\"},\"inLanguage\":\"de\",\"potentialAction\":[{\"@type\":\"ReadAction\",\"target\":[\"http:\\\/\\\/dragonflip.com.w01d6fed.kasserver.com\\\/de\\\/agb-kaeufer\\\/\"]}]},{\"@type\":\"BreadcrumbList\",\"@id\":\"http:\\\/\\\/dragonflip.com.w01d6fed.kasserver.com\\\/de\\\/agb-kaeufer\\\/#breadcrumb\",\"itemListElement\":[{\"@type\":\"ListItem\",\"position\":1,\"name\":\"Startseite\",\"item\":\"https:\\\/\\\/dragonflip.com\\\/en\\\/\"},{\"@type\":\"ListItem\",\"position\":2,\"name\":\"AGB K\u00e4ufer\"}]},{\"@type\":\"WebSite\",\"@id\":\"http:\\\/\\\/dragonflip.com.w01d6fed.kasserver.com\\\/de\\\/#website\",\"url\":\"http:\\\/\\\/dragonflip.com.w01d6fed.kasserver.com\\\/de\\\/\",\"name\":\"Dragonflip | Buy and Sell an Online Business\",\"description\":\"Buy and Sell an Online Business\",\"publisher\":{\"@id\":\"http:\\\/\\\/dragonflip.com.w01d6fed.kasserver.com\\\/de\\\/#organization\"},\"potentialAction\":[{\"@type\":\"SearchAction\",\"target\":{\"@type\":\"EntryPoint\",\"urlTemplate\":\"http:\\\/\\\/dragonflip.com.w01d6fed.kasserver.com\\\/de\\\/?s={search_term_string}\"},\"query-input\":{\"@type\":\"PropertyValueSpecification\",\"valueRequired\":true,\"valueName\":\"search_term_string\"}}],\"inLanguage\":\"de\"},{\"@type\":\"Organization\",\"@id\":\"http:\\\/\\\/dragonflip.com.w01d6fed.kasserver.com\\\/de\\\/#organization\",\"name\":\"Dragonflip GmbH\",\"url\":\"http:\\\/\\\/dragonflip.com.w01d6fed.kasserver.com\\\/de\\\/\",\"logo\":{\"@type\":\"ImageObject\",\"inLanguage\":\"de\",\"@id\":\"http:\\\/\\\/dragonflip.com.w01d6fed.kasserver.com\\\/de\\\/#\\\/schema\\\/logo\\\/image\\\/\",\"url\":\"https:\\\/\\\/dragonflip.com\\\/wp-content\\\/uploads\\\/2019\\\/07\\\/2019-07-31-logo-dragonflip-website-white.svg\",\"contentUrl\":\"https:\\\/\\\/dragonflip.com\\\/wp-content\\\/uploads\\\/2019\\\/07\\\/2019-07-31-logo-dragonflip-website-white.svg\",\"width\":1,\"height\":1,\"caption\":\"Dragonflip GmbH\"},\"image\":{\"@id\":\"http:\\\/\\\/dragonflip.com.w01d6fed.kasserver.com\\\/de\\\/#\\\/schema\\\/logo\\\/image\\\/\"}}]}<\/script>\n<!-- \/ Yoast SEO plugin. -->","yoast_head_json":{"title":"AGB K\u00e4ufer - Dragonflip | Buy and Sell an Online Business","robots":{"index":"index","follow":"follow","max-snippet":"max-snippet:-1","max-image-preview":"max-image-preview:large","max-video-preview":"max-video-preview:-1"},"canonical":"http:\/\/dragonflip.com.w01d6fed.kasserver.com\/de\/agb-kaeufer\/","og_locale":"de_DE","og_type":"article","og_title":"AGB K\u00e4ufer - Dragonflip | Buy and Sell an Online Business","og_description":"Allgemeine Gesch\u00e4ftsbedingungen 1. Geltungsbereich Die nachfolgenden Allgemeinen Gesch\u00e4ftsbedingungen (nachfolgend \u201eAGB\u201c) regeln das Vertragsverh\u00e4ltnis zwischen der Dragonflip GmbH, vertreten durch den Gesch\u00e4ftsf\u00fchrer: Severin Borch (nachfolgend \u201eDragonflip\u201c) und zwischen potentiellen Interessenten Listings (nachstehend \u201eK\u00e4ufer\u201c), die \u00fcber die Plattform&nbsp;www.dragonflip.com&nbsp;&nbsp;Kontakte zu potentiellen Verk\u00e4ufern (nachfolgend \u201eVerk\u00e4ufer\u201c) kn\u00fcpfen und deren Unternehmen oder Verm\u00f6gensgegenst\u00e4nde kaufen m\u00f6chten. Dragonflip ist lediglich Vermittler und wird [&hellip;]","og_url":"http:\/\/dragonflip.com.w01d6fed.kasserver.com\/de\/agb-kaeufer\/","og_site_name":"Dragonflip | Buy and Sell an Online Business","article_modified_time":"2024-12-11T11:30:47+00:00","twitter_card":"summary_large_image","twitter_misc":{"Gesch\u00e4tzte Lesezeit":"4\u00a0Minuten"},"schema":{"@context":"https:\/\/schema.org","@graph":[{"@type":"WebPage","@id":"http:\/\/dragonflip.com.w01d6fed.kasserver.com\/de\/agb-kaeufer\/","url":"http:\/\/dragonflip.com.w01d6fed.kasserver.com\/de\/agb-kaeufer\/","name":"AGB K\u00e4ufer - Dragonflip | Buy and Sell an Online Business","isPartOf":{"@id":"http:\/\/dragonflip.com.w01d6fed.kasserver.com\/de\/#website"},"datePublished":"2019-07-30T21:55:57+00:00","dateModified":"2024-12-11T11:30:47+00:00","breadcrumb":{"@id":"http:\/\/dragonflip.com.w01d6fed.kasserver.com\/de\/agb-kaeufer\/#breadcrumb"},"inLanguage":"de","potentialAction":[{"@type":"ReadAction","target":["http:\/\/dragonflip.com.w01d6fed.kasserver.com\/de\/agb-kaeufer\/"]}]},{"@type":"BreadcrumbList","@id":"http:\/\/dragonflip.com.w01d6fed.kasserver.com\/de\/agb-kaeufer\/#breadcrumb","itemListElement":[{"@type":"ListItem","position":1,"name":"Startseite","item":"https:\/\/dragonflip.com\/en\/"},{"@type":"ListItem","position":2,"name":"AGB K\u00e4ufer"}]},{"@type":"WebSite","@id":"http:\/\/dragonflip.com.w01d6fed.kasserver.com\/de\/#website","url":"http:\/\/dragonflip.com.w01d6fed.kasserver.com\/de\/","name":"Dragonflip | Buy and Sell an Online Business","description":"Buy and Sell an Online Business","publisher":{"@id":"http:\/\/dragonflip.com.w01d6fed.kasserver.com\/de\/#organization"},"potentialAction":[{"@type":"SearchAction","target":{"@type":"EntryPoint","urlTemplate":"http:\/\/dragonflip.com.w01d6fed.kasserver.com\/de\/?s={search_term_string}"},"query-input":{"@type":"PropertyValueSpecification","valueRequired":true,"valueName":"search_term_string"}}],"inLanguage":"de"},{"@type":"Organization","@id":"http:\/\/dragonflip.com.w01d6fed.kasserver.com\/de\/#organization","name":"Dragonflip GmbH","url":"http:\/\/dragonflip.com.w01d6fed.kasserver.com\/de\/","logo":{"@type":"ImageObject","inLanguage":"de","@id":"http:\/\/dragonflip.com.w01d6fed.kasserver.com\/de\/#\/schema\/logo\/image\/","url":"https:\/\/dragonflip.com\/wp-content\/uploads\/2019\/07\/2019-07-31-logo-dragonflip-website-white.svg","contentUrl":"https:\/\/dragonflip.com\/wp-content\/uploads\/2019\/07\/2019-07-31-logo-dragonflip-website-white.svg","width":1,"height":1,"caption":"Dragonflip GmbH"},"image":{"@id":"http:\/\/dragonflip.com.w01d6fed.kasserver.com\/de\/#\/schema\/logo\/image\/"}}]}},"_links":{"self":[{"href":"https:\/\/dragonflip.com\/de\/wp-json\/wp\/v2\/pages\/730","targetHints":{"allow":["GET"]}}],"collection":[{"href":"https:\/\/dragonflip.com\/de\/wp-json\/wp\/v2\/pages"}],"about":[{"href":"https:\/\/dragonflip.com\/de\/wp-json\/wp\/v2\/types\/page"}],"author":[{"embeddable":true,"href":"https:\/\/dragonflip.com\/de\/wp-json\/wp\/v2\/users\/3"}],"replies":[{"embeddable":true,"href":"https:\/\/dragonflip.com\/de\/wp-json\/wp\/v2\/comments?post=730"}],"version-history":[{"count":22,"href":"https:\/\/dragonflip.com\/de\/wp-json\/wp\/v2\/pages\/730\/revisions"}],"predecessor-version":[{"id":11067,"href":"https:\/\/dragonflip.com\/de\/wp-json\/wp\/v2\/pages\/730\/revisions\/11067"}],"wp:attachment":[{"href":"https:\/\/dragonflip.com\/de\/wp-json\/wp\/v2\/media?parent=730"}],"curies":[{"name":"wp","href":"https:\/\/api.w.org\/{rel}","templated":true}]}}