{"id":7893,"date":"2023-04-13T12:58:55","date_gmt":"2023-04-13T10:58:55","guid":{"rendered":"https:\/\/dragonflip.com\/?page_id=7893"},"modified":"2023-04-14T12:28:20","modified_gmt":"2023-04-14T10:28:20","slug":"buy-side-seller","status":"publish","type":"page","link":"https:\/\/dragonflip.com\/de\/buy-side-seller\/","title":{"rendered":"Buy Side Seller"},"content":{"rendered":"\t\t<div data-elementor-type=\"wp-page\" data-elementor-id=\"7893\" class=\"elementor elementor-7893\" data-elementor-post-type=\"page\">\n\t\t\t\t\t\t<section class=\"elementor-section elementor-top-section elementor-element elementor-element-216d95a elementor-section-boxed elementor-section-height-default elementor-section-height-default\" data-id=\"216d95a\" data-element_type=\"section\" data-e-type=\"section\">\n\t\t\t\t\t\t<div class=\"elementor-container elementor-column-gap-default\">\n\t\t\t\t\t<div class=\"elementor-column elementor-col-100 elementor-top-column elementor-element elementor-element-5fc4c95\" data-id=\"5fc4c95\" data-element_type=\"column\" data-e-type=\"column\">\n\t\t\t<div class=\"elementor-widget-wrap elementor-element-populated\">\n\t\t\t\t\t\t<div class=\"elementor-element elementor-element-f694eb2 elementor-widget elementor-widget-spacer\" data-id=\"f694eb2\" data-element_type=\"widget\" data-e-type=\"widget\" data-widget_type=\"spacer.default\">\n\t\t\t\t<div class=\"elementor-widget-container\">\n\t\t\t\t\t\t\t<div class=\"elementor-spacer\">\n\t\t\t<div class=\"elementor-spacer-inner\"><\/div>\n\t\t<\/div>\n\t\t\t\t\t\t<\/div>\n\t\t\t\t<\/div>\n\t\t\t\t<div class=\"elementor-element elementor-element-a6114eb elementor-widget elementor-widget-text-editor\" data-id=\"a6114eb\" data-element_type=\"widget\" data-e-type=\"widget\" data-widget_type=\"text-editor.default\">\n\t\t\t\t<div class=\"elementor-widget-container\">\n\t\t\t\t\t\t\t\t\t<h1>Verkaufen Sie ihr Unternehmen ohne Provision<\/h1>\t\t\t\t\t\t\t\t<\/div>\n\t\t\t\t<\/div>\n\t\t\t\t<div class=\"elementor-element elementor-element-7df06a1 elementor-widget elementor-widget-text-editor\" data-id=\"7df06a1\" data-element_type=\"widget\" data-e-type=\"widget\" data-widget_type=\"text-editor.default\">\n\t\t\t\t<div class=\"elementor-widget-container\">\n\t\t\t\t\t\t\t\t\t<p class=\"_04xlpA direction-ltr align-justify para-style-body\"><span class=\"S1PPyQ\">Seit 2017 vertrauen Onlineh\u00e4ndler auf Dragonflip, um einen passenden K\u00e4ufer f\u00fcr ihr Unternehmen zu finden. Seitdem konnten wir zahlreiche Transaktionen mit einem Volumen von \u00fcber 50 Mio. \u20ac erfolgreich abschlie\u00dfen.<\/span><\/p><p class=\"_04xlpA direction-ltr align-justify para-style-body\"><span class=\"S1PPyQ\">In \u00fcber 100 Firmenverk\u00e4ufen haben wir uns weltweit sehr gute Beziehungen mit <\/span><span class=\"S1PPyQ\">Investoren<\/span><span class=\"S1PPyQ\"> aufgebaut, welche sich dazu entschieden haben, uns nun <\/span><span class=\"S1PPyQ\">direkt zu beauftragen<\/span><span class=\"S1PPyQ\"> und spannende E-Commerce Unternehmen f\u00fcr sie zu identifizieren.<\/span><\/p><p class=\"_04xlpA direction-ltr align-justify para-style-body\"><strong><span class=\"S1PPyQ\">Das ist Ihre Chance! Sie haben jetzt die M\u00f6glichkeit, Ihr Unternehmen an vorab gepr\u00fcfte Investoren zu verkaufen, <\/span><span class=\"S1PPyQ\">ohne daf\u00fcr eine Vermittlungsprovision<\/span><span class=\"S1PPyQ\"> zu zahlen!<\/span><\/strong><\/p><p class=\"_04xlpA direction-ltr align-justify para-style-body\"><span class=\"S1PPyQ\">Wir erweitern unsere Buy-Side-Mandate kontinuierlich, so dass alle Kategorien grunds\u00e4tzlich interessant sein k\u00f6nnen.<\/span><\/p><p class=\"_04xlpA direction-ltr align-justify para-style-body\"><span class=\"S1PPyQ\">Wir empfehlen Ihnen, sich jetzt \u00fcber das Formular in unseren <\/span><span class=\"S1PPyQ\">Newsletter<\/span><span class=\"S1PPyQ\"> einzutragen<\/span><span class=\"S1PPyQ\">. Auf diese Weise erhalten Sie alle aktuellen Informationen \u00fcber unsere Buy-Side-M&amp;A-Anfragen und wie wir Ihnen auf diesem Wege helfen k\u00f6nnen, Ihr Unternehmen erfolgreich zu verkaufen.<\/span><\/p><p class=\"_04xlpA direction-ltr align-justify para-style-body\"><span class=\"S1PPyQ\">Lassen Sie uns gemeinsam den n\u00e4chsten Schritt machen und eine erfolgreiche Reise beginnen!<\/span><\/p>\t\t\t\t\t\t\t\t<\/div>\n\t\t\t\t<\/div>\n\t\t\t\t<div class=\"elementor-element elementor-element-14cd746 elementor-widget elementor-widget-text-editor\" data-id=\"14cd746\" data-element_type=\"widget\" data-e-type=\"widget\" data-widget_type=\"text-editor.default\">\n\t\t\t\t<div class=\"elementor-widget-container\">\n\t\t\t\t\t\t\t\t\t<h4><strong>FAQ<\/strong><\/h4>\t\t\t\t\t\t\t\t<\/div>\n\t\t\t\t<\/div>\n\t\t\t\t<div class=\"elementor-element elementor-element-3ba161c elementor-widget elementor-widget-eael-adv-accordion\" data-id=\"3ba161c\" data-element_type=\"widget\" data-e-type=\"widget\" data-widget_type=\"eael-adv-accordion.default\">\n\t\t\t\t<div class=\"elementor-widget-container\">\n\t\t\t\t\t            <div class=\"eael-adv-accordion\" id=\"eael-adv-accordion-3ba161c\" data-scroll-on-click=\"no\" data-scroll-speed=\"300\" data-accordion-id=\"3ba161c\" data-accordion-type=\"accordion\" data-toogle-speed=\"300\">\n            <div class=\"eael-accordion-list\">\n\t\t\t\t\t<div id=\"muss-ich-mein-unternehmen-verkaufen-wenn-ich-mich-anmelde\" class=\"elementor-tab-title eael-accordion-header\" tabindex=\"0\" data-tab=\"1\" aria-controls=\"elementor-tab-content-6251\"><span class=\"eael-advanced-accordion-icon-closed\"><i aria-hidden=\"true\" class=\"fa-accordion-icon fas fa-plus\"><\/i><\/span><span class=\"eael-advanced-accordion-icon-opened\"><i aria-hidden=\"true\" class=\"fa-accordion-icon fas fa-minus\"><\/i><\/span><span class=\"eael-accordion-tab-title\">Muss ich mein Unternehmen verkaufen wenn ich mich anmelde?<\/span><i aria-hidden=\"true\" class=\"fa-toggle fas fa-angle-right\"><\/i><\/div><div id=\"elementor-tab-content-6251\" class=\"eael-accordion-content clearfix\" data-tab=\"1\" aria-labelledby=\"muss-ich-mein-unternehmen-verkaufen-wenn-ich-mich-anmelde\"><p>Nein, die Anmeldung ist unverbindlich und es besteht keine Verpflichtung, das Unternehmen zu verkaufen.<\/p><\/div>\n\t\t\t\t\t<\/div><div class=\"eael-accordion-list\">\n\t\t\t\t\t<div id=\"wird-mein-unternehmen-kufern-vorgestellt-ohne-meine-kenntnis\" class=\"elementor-tab-title eael-accordion-header\" tabindex=\"0\" data-tab=\"2\" aria-controls=\"elementor-tab-content-6252\"><span class=\"eael-advanced-accordion-icon-closed\"><i aria-hidden=\"true\" class=\"fa-accordion-icon fas fa-plus\"><\/i><\/span><span class=\"eael-advanced-accordion-icon-opened\"><i aria-hidden=\"true\" class=\"fa-accordion-icon fas fa-minus\"><\/i><\/span><span class=\"eael-accordion-tab-title\">Wird mein Unternehmen K\u00e4ufern vorgestellt ohne meine Kenntnis?<\/span><i aria-hidden=\"true\" class=\"fa-toggle fas fa-angle-right\"><\/i><\/div><div id=\"elementor-tab-content-6252\" class=\"eael-accordion-content clearfix\" data-tab=\"2\" aria-labelledby=\"wird-mein-unternehmen-kufern-vorgestellt-ohne-meine-kenntnis\"><p>Wie immer behandeln wir alle Informationen streng vertraulich. Ihr Unternehmen wird nie einem Dritten vorgestellt, ohne das wir vorher Ihr Einverst\u00e4ndnis haben.\u00a0<\/p><\/div>\n\t\t\t\t\t<\/div><div class=\"eael-accordion-list\">\n\t\t\t\t\t<div id=\"um-was-fr-kufer-handelt-es-sich\" class=\"elementor-tab-title eael-accordion-header\" tabindex=\"0\" data-tab=\"3\" aria-controls=\"elementor-tab-content-6253\"><span class=\"eael-advanced-accordion-icon-closed\"><i aria-hidden=\"true\" class=\"fa-accordion-icon fas fa-plus\"><\/i><\/span><span class=\"eael-advanced-accordion-icon-opened\"><i aria-hidden=\"true\" class=\"fa-accordion-icon fas fa-minus\"><\/i><\/span><span class=\"eael-accordion-tab-title\">Um was f\u00fcr K\u00e4ufer handelt es sich?<\/span><i aria-hidden=\"true\" class=\"fa-toggle fas fa-angle-right\"><\/i><\/div><div id=\"elementor-tab-content-6253\" class=\"eael-accordion-content clearfix\" data-tab=\"3\" aria-labelledby=\"um-was-fr-kufer-handelt-es-sich\"><p>Bei unseren Buy-Side Mandaten handelt es sich um ausgew\u00e4hlte, vorab gepr\u00fcfte Investoren und strategische K\u00e4ufer. Wir stellen sicher, dass die K\u00e4ufer gen\u00fcgend Kapital haben und bereit sind realistische Kaufpreise zu zahlen.\u00a0<\/p><\/div>\n\t\t\t\t\t<\/div><div class=\"eael-accordion-list\">\n\t\t\t\t\t<div id=\"ist-die-dienstleistung-tatschlich-kostenlos-fr-mich\" class=\"elementor-tab-title eael-accordion-header\" tabindex=\"0\" data-tab=\"4\" aria-controls=\"elementor-tab-content-6254\"><span class=\"eael-advanced-accordion-icon-closed\"><i aria-hidden=\"true\" class=\"fa-accordion-icon fas fa-plus\"><\/i><\/span><span class=\"eael-advanced-accordion-icon-opened\"><i aria-hidden=\"true\" class=\"fa-accordion-icon fas fa-minus\"><\/i><\/span><span class=\"eael-accordion-tab-title\">Ist die Dienstleistung tats\u00e4chlich kostenlos f\u00fcr mich?<\/span><i aria-hidden=\"true\" class=\"fa-toggle fas fa-angle-right\"><\/i><\/div><div id=\"elementor-tab-content-6254\" class=\"eael-accordion-content clearfix\" data-tab=\"4\" aria-labelledby=\"ist-die-dienstleistung-tatschlich-kostenlos-fr-mich\"><p>Wenn Sie an einen K\u00e4ufer verkaufen, der ein Buy-Side Mandat mit uns hat, ist die Dienstleistung f\u00fcr Sie zu 100% kostenlos. In dem Fall werden wir vom K\u00e4ufer daf\u00fcr bezahlt, ihm Unternehmen vorzustellen die seinen Suchkriterien entsprechen.<\/p><\/div>\n\t\t\t\t\t<\/div><div class=\"eael-accordion-list\">\n\t\t\t\t\t<div id=\"bin-ich-nach-anmeldung-exklusiv-an-dragonflip-gebunden\" class=\"elementor-tab-title eael-accordion-header\" tabindex=\"0\" data-tab=\"5\" aria-controls=\"elementor-tab-content-6255\"><span class=\"eael-advanced-accordion-icon-closed\"><i aria-hidden=\"true\" class=\"fa-accordion-icon fas fa-plus\"><\/i><\/span><span class=\"eael-advanced-accordion-icon-opened\"><i aria-hidden=\"true\" class=\"fa-accordion-icon fas fa-minus\"><\/i><\/span><span class=\"eael-accordion-tab-title\">Bin ich nach Anmeldung exklusiv an Dragonflip gebunden?<\/span><i aria-hidden=\"true\" class=\"fa-toggle fas fa-angle-right\"><\/i><\/div><div id=\"elementor-tab-content-6255\" class=\"eael-accordion-content clearfix\" data-tab=\"5\" aria-labelledby=\"bin-ich-nach-anmeldung-exklusiv-an-dragonflip-gebunden\"><p>Nein, es besteht nach Anmeldung keine Bindung an Dragonflip.\u00a0<\/p><\/div>\n\t\t\t\t\t<\/div><div class=\"eael-accordion-list\">\n\t\t\t\t\t<div id=\"kann-ich-gleichzeitig-dragonflip-beauftragen-aktiv-nach-kufern-fr-mein-unternehmen-zu-suchen\" class=\"elementor-tab-title eael-accordion-header\" tabindex=\"0\" data-tab=\"6\" aria-controls=\"elementor-tab-content-6256\"><span class=\"eael-advanced-accordion-icon-closed\"><i aria-hidden=\"true\" class=\"fa-accordion-icon fas fa-plus\"><\/i><\/span><span class=\"eael-advanced-accordion-icon-opened\"><i aria-hidden=\"true\" class=\"fa-accordion-icon fas fa-minus\"><\/i><\/span><span class=\"eael-accordion-tab-title\">Kann ich gleichzeitig Dragonflip beauftragen, aktiv nach K\u00e4ufern f\u00fcr mein Unternehmen zu suchen?<\/span><i aria-hidden=\"true\" class=\"fa-toggle fas fa-angle-right\"><\/i><\/div><div id=\"elementor-tab-content-6256\" class=\"eael-accordion-content clearfix\" data-tab=\"6\" aria-labelledby=\"kann-ich-gleichzeitig-dragonflip-beauftragen-aktiv-nach-kufern-fr-mein-unternehmen-zu-suchen\"><p>Falls wir derzeit kein passendes Buy-Side Mandat f\u00fcr Ihr Unternehmen haben, k\u00f6nnen Sie uns gerne parallel beauftragen, exklusiv f\u00fcr Sie auf die Suche nach K\u00e4ufern zu gehen. <a href=\"https:\/\/dragonflip.com\/de\/verkaeuferberatung\/\">Buchen Sie daf\u00fcr gerne ein unverbindliches Beratungsgespr\u00e4ch.\u00a0<\/a><\/p><\/div>\n\t\t\t\t\t<\/div><div class=\"eael-accordion-list\">\n\t\t\t\t\t<div id=\"ich-bin-investor-und-mchte-ein-kaufgesuch-erstellen-wie-geht-das\" class=\"elementor-tab-title eael-accordion-header\" tabindex=\"0\" data-tab=\"7\" aria-controls=\"elementor-tab-content-6257\"><span class=\"eael-advanced-accordion-icon-closed\"><i aria-hidden=\"true\" class=\"fa-accordion-icon fas fa-plus\"><\/i><\/span><span class=\"eael-advanced-accordion-icon-opened\"><i aria-hidden=\"true\" class=\"fa-accordion-icon fas fa-minus\"><\/i><\/span><span class=\"eael-accordion-tab-title\">Ich bin Investor und m\u00f6chte ein Kaufgesuch erstellen. Wie geht das?<\/span><i aria-hidden=\"true\" class=\"fa-toggle fas fa-angle-right\"><\/i><\/div><div id=\"elementor-tab-content-6257\" class=\"eael-accordion-content clearfix\" data-tab=\"7\" aria-labelledby=\"ich-bin-investor-und-mchte-ein-kaufgesuch-erstellen-wie-geht-das\"><p>Gerne k\u00f6nnen wir in einem pers\u00f6nlichen Gespr\u00e4ch Ihr Vorhaben besprechen. Schreiben Sie dazu einfach eine kurze E-Mail an: <a href=\"mailto:hello@dragonflip.com\">hello@dragonflip.com<\/a><\/p><\/div>\n\t\t\t\t\t<\/div><\/div>\t\t\t\t<\/div>\n\t\t\t\t<\/div>\n\t\t\t\t\t<\/div>\n\t\t<\/div>\n\t\t\t\t\t<\/div>\n\t\t<\/section>\n\t\t\t\t<section class=\"elementor-section elementor-top-section elementor-element elementor-element-d367dc1 elementor-section-boxed elementor-section-height-default elementor-section-height-default\" data-id=\"d367dc1\" data-element_type=\"section\" data-e-type=\"section\">\n\t\t\t\t\t\t<div class=\"elementor-container elementor-column-gap-default\">\n\t\t\t\t\t<div class=\"elementor-column elementor-col-100 elementor-top-column elementor-element elementor-element-126cf52\" data-id=\"126cf52\" data-element_type=\"column\" data-e-type=\"column\">\n\t\t\t<div class=\"elementor-widget-wrap elementor-element-populated\">\n\t\t\t\t\t\t<div class=\"elementor-element elementor-element-487e363 elementor-widget elementor-widget-spacer\" data-id=\"487e363\" data-element_type=\"widget\" data-e-type=\"widget\" data-widget_type=\"spacer.default\">\n\t\t\t\t<div class=\"elementor-widget-container\">\n\t\t\t\t\t\t\t<div class=\"elementor-spacer\">\n\t\t\t<div class=\"elementor-spacer-inner\"><\/div>\n\t\t<\/div>\n\t\t\t\t\t\t<\/div>\n\t\t\t\t<\/div>\n\t\t\t\t<div class=\"elementor-element elementor-element-0031f87 elementor-widget elementor-widget-text-editor\" data-id=\"0031f87\" data-element_type=\"widget\" data-e-type=\"widget\" data-widget_type=\"text-editor.default\">\n\t\t\t\t<div class=\"elementor-widget-container\">\n\t\t\t\t\t\t\t\t\t<h4><strong>Melden Sie sich jetzt unverbindlich f\u00fcr unseren Newsletter an, um \u00fcber alle Buy-Side Mandate informiert zu werden:<\/strong><\/h4>\t\t\t\t\t\t\t\t<\/div>\n\t\t\t\t<\/div>\n\t\t\t\t<div class=\"elementor-element elementor-element-078e184 elementor-widget elementor-widget-eael-typeform\" data-id=\"078e184\" data-element_type=\"widget\" data-e-type=\"widget\" data-widget_type=\"eael-typeform.default\">\n\t\t\t\t<div class=\"elementor-widget-container\">\n\t\t\t\t\t<div data-typeform=\"{&quot;url&quot;:&quot;https:\\\/\\\/ws8ya5qgs9x.typeform.com\\\/to\\\/sxuRCPHm&quot;,&quot;hideFooter&quot;:false,&quot;hideHeaders&quot;:false,&quot;opacity&quot;:50}\" id=\"eael-type-form-078e184\" class=\"eael-typeform clearfix fs_wp_sidebar fsBody eael-contact-form eael-typeform-align-default\"><\/div>\t\t\t\t<\/div>\n\t\t\t\t<\/div>\n\t\t\t\t\t<\/div>\n\t\t<\/div>\n\t\t\t\t\t<\/div>\n\t\t<\/section>\n\t\t\t\t<\/div>\n\t\t","protected":false},"excerpt":{"rendered":"<p>Verkaufen Sie ihr Unternehmen ohne Provision Seit 2017 vertrauen Onlineh\u00e4ndler auf Dragonflip, um einen passenden K\u00e4ufer f\u00fcr ihr Unternehmen zu finden. Seitdem konnten wir zahlreiche Transaktionen mit einem Volumen von \u00fcber 50 Mio. \u20ac erfolgreich abschlie\u00dfen. In \u00fcber 100 Firmenverk\u00e4ufen haben wir uns weltweit sehr gute Beziehungen mit Investoren aufgebaut, welche sich dazu entschieden haben, [&hellip;]<\/p>\n","protected":false},"author":6,"featured_media":0,"parent":0,"menu_order":0,"comment_status":"closed","ping_status":"closed","template":"","meta":{"_acf_changed":false,"footnotes":""},"class_list":["post-7893","page","type-page","status-publish","hentry"],"acf":[],"yoast_head":"<!-- This site is optimized with the Yoast SEO plugin v27.4 - https:\/\/yoast.com\/product\/yoast-seo-wordpress\/ -->\n<title>Buy Side Seller - Dragonflip | Buy and Sell an Online Business<\/title>\n<meta name=\"robots\" content=\"index, follow, max-snippet:-1, max-image-preview:large, max-video-preview:-1\" \/>\n<link rel=\"canonical\" href=\"http:\/\/dragonflip.com.w01d6fed.kasserver.com\/de\/buy-side-seller\/\" \/>\n<meta property=\"og:locale\" content=\"de_DE\" \/>\n<meta property=\"og:type\" content=\"article\" \/>\n<meta property=\"og:title\" content=\"Buy Side Seller - Dragonflip | Buy and Sell an Online Business\" \/>\n<meta property=\"og:description\" content=\"Verkaufen Sie ihr Unternehmen ohne Provision Seit 2017 vertrauen Onlineh\u00e4ndler auf Dragonflip, um einen passenden K\u00e4ufer f\u00fcr ihr Unternehmen zu finden. Seitdem konnten wir zahlreiche Transaktionen mit einem Volumen von \u00fcber 50 Mio. \u20ac erfolgreich abschlie\u00dfen. In \u00fcber 100 Firmenverk\u00e4ufen haben wir uns weltweit sehr gute Beziehungen mit Investoren aufgebaut, welche sich dazu entschieden haben, [&hellip;]\" \/>\n<meta property=\"og:url\" content=\"http:\/\/dragonflip.com.w01d6fed.kasserver.com\/de\/buy-side-seller\/\" \/>\n<meta property=\"og:site_name\" content=\"Dragonflip | Buy and Sell an Online Business\" \/>\n<meta property=\"article:modified_time\" content=\"2023-04-14T10:28:20+00:00\" \/>\n<meta name=\"twitter:card\" content=\"summary_large_image\" \/>\n<meta name=\"twitter:label1\" content=\"Gesch\u00e4tzte Lesezeit\" \/>\n\t<meta name=\"twitter:data1\" content=\"2\u00a0Minuten\" \/>\n<script type=\"application\/ld+json\" class=\"yoast-schema-graph\">{\"@context\":\"https:\\\/\\\/schema.org\",\"@graph\":[{\"@type\":\"WebPage\",\"@id\":\"http:\\\/\\\/dragonflip.com.w01d6fed.kasserver.com\\\/de\\\/buy-side-seller\\\/\",\"url\":\"http:\\\/\\\/dragonflip.com.w01d6fed.kasserver.com\\\/de\\\/buy-side-seller\\\/\",\"name\":\"Buy Side Seller - Dragonflip | Buy and Sell an Online Business\",\"isPartOf\":{\"@id\":\"http:\\\/\\\/dragonflip.com.w01d6fed.kasserver.com\\\/de\\\/#website\"},\"datePublished\":\"2023-04-13T10:58:55+00:00\",\"dateModified\":\"2023-04-14T10:28:20+00:00\",\"breadcrumb\":{\"@id\":\"http:\\\/\\\/dragonflip.com.w01d6fed.kasserver.com\\\/de\\\/buy-side-seller\\\/#breadcrumb\"},\"inLanguage\":\"de\",\"potentialAction\":[{\"@type\":\"ReadAction\",\"target\":[\"http:\\\/\\\/dragonflip.com.w01d6fed.kasserver.com\\\/de\\\/buy-side-seller\\\/\"]}]},{\"@type\":\"BreadcrumbList\",\"@id\":\"http:\\\/\\\/dragonflip.com.w01d6fed.kasserver.com\\\/de\\\/buy-side-seller\\\/#breadcrumb\",\"itemListElement\":[{\"@type\":\"ListItem\",\"position\":1,\"name\":\"Startseite\",\"item\":\"https:\\\/\\\/dragonflip.com\\\/en\\\/\"},{\"@type\":\"ListItem\",\"position\":2,\"name\":\"Buy Side Seller\"}]},{\"@type\":\"WebSite\",\"@id\":\"http:\\\/\\\/dragonflip.com.w01d6fed.kasserver.com\\\/de\\\/#website\",\"url\":\"http:\\\/\\\/dragonflip.com.w01d6fed.kasserver.com\\\/de\\\/\",\"name\":\"Dragonflip | Buy and Sell an Online Business\",\"description\":\"Buy and Sell an Online Business\",\"publisher\":{\"@id\":\"http:\\\/\\\/dragonflip.com.w01d6fed.kasserver.com\\\/de\\\/#organization\"},\"potentialAction\":[{\"@type\":\"SearchAction\",\"target\":{\"@type\":\"EntryPoint\",\"urlTemplate\":\"http:\\\/\\\/dragonflip.com.w01d6fed.kasserver.com\\\/de\\\/?s={search_term_string}\"},\"query-input\":{\"@type\":\"PropertyValueSpecification\",\"valueRequired\":true,\"valueName\":\"search_term_string\"}}],\"inLanguage\":\"de\"},{\"@type\":\"Organization\",\"@id\":\"http:\\\/\\\/dragonflip.com.w01d6fed.kasserver.com\\\/de\\\/#organization\",\"name\":\"Dragonflip GmbH\",\"url\":\"http:\\\/\\\/dragonflip.com.w01d6fed.kasserver.com\\\/de\\\/\",\"logo\":{\"@type\":\"ImageObject\",\"inLanguage\":\"de\",\"@id\":\"http:\\\/\\\/dragonflip.com.w01d6fed.kasserver.com\\\/de\\\/#\\\/schema\\\/logo\\\/image\\\/\",\"url\":\"https:\\\/\\\/dragonflip.com\\\/wp-content\\\/uploads\\\/2019\\\/07\\\/2019-07-31-logo-dragonflip-website-white.svg\",\"contentUrl\":\"https:\\\/\\\/dragonflip.com\\\/wp-content\\\/uploads\\\/2019\\\/07\\\/2019-07-31-logo-dragonflip-website-white.svg\",\"width\":1,\"height\":1,\"caption\":\"Dragonflip GmbH\"},\"image\":{\"@id\":\"http:\\\/\\\/dragonflip.com.w01d6fed.kasserver.com\\\/de\\\/#\\\/schema\\\/logo\\\/image\\\/\"}}]}<\/script>\n<!-- \/ Yoast SEO plugin. -->","yoast_head_json":{"title":"Buy Side Seller - Dragonflip | Buy and Sell an Online Business","robots":{"index":"index","follow":"follow","max-snippet":"max-snippet:-1","max-image-preview":"max-image-preview:large","max-video-preview":"max-video-preview:-1"},"canonical":"http:\/\/dragonflip.com.w01d6fed.kasserver.com\/de\/buy-side-seller\/","og_locale":"de_DE","og_type":"article","og_title":"Buy Side Seller - Dragonflip | Buy and Sell an Online Business","og_description":"Verkaufen Sie ihr Unternehmen ohne Provision Seit 2017 vertrauen Onlineh\u00e4ndler auf Dragonflip, um einen passenden K\u00e4ufer f\u00fcr ihr Unternehmen zu finden. Seitdem konnten wir zahlreiche Transaktionen mit einem Volumen von \u00fcber 50 Mio. \u20ac erfolgreich abschlie\u00dfen. In \u00fcber 100 Firmenverk\u00e4ufen haben wir uns weltweit sehr gute Beziehungen mit Investoren aufgebaut, welche sich dazu entschieden haben, [&hellip;]","og_url":"http:\/\/dragonflip.com.w01d6fed.kasserver.com\/de\/buy-side-seller\/","og_site_name":"Dragonflip | Buy and Sell an Online Business","article_modified_time":"2023-04-14T10:28:20+00:00","twitter_card":"summary_large_image","twitter_misc":{"Gesch\u00e4tzte Lesezeit":"2\u00a0Minuten"},"schema":{"@context":"https:\/\/schema.org","@graph":[{"@type":"WebPage","@id":"http:\/\/dragonflip.com.w01d6fed.kasserver.com\/de\/buy-side-seller\/","url":"http:\/\/dragonflip.com.w01d6fed.kasserver.com\/de\/buy-side-seller\/","name":"Buy Side Seller - Dragonflip | Buy and Sell an Online Business","isPartOf":{"@id":"http:\/\/dragonflip.com.w01d6fed.kasserver.com\/de\/#website"},"datePublished":"2023-04-13T10:58:55+00:00","dateModified":"2023-04-14T10:28:20+00:00","breadcrumb":{"@id":"http:\/\/dragonflip.com.w01d6fed.kasserver.com\/de\/buy-side-seller\/#breadcrumb"},"inLanguage":"de","potentialAction":[{"@type":"ReadAction","target":["http:\/\/dragonflip.com.w01d6fed.kasserver.com\/de\/buy-side-seller\/"]}]},{"@type":"BreadcrumbList","@id":"http:\/\/dragonflip.com.w01d6fed.kasserver.com\/de\/buy-side-seller\/#breadcrumb","itemListElement":[{"@type":"ListItem","position":1,"name":"Startseite","item":"https:\/\/dragonflip.com\/en\/"},{"@type":"ListItem","position":2,"name":"Buy Side Seller"}]},{"@type":"WebSite","@id":"http:\/\/dragonflip.com.w01d6fed.kasserver.com\/de\/#website","url":"http:\/\/dragonflip.com.w01d6fed.kasserver.com\/de\/","name":"Dragonflip | Buy and Sell an Online Business","description":"Buy and Sell an Online Business","publisher":{"@id":"http:\/\/dragonflip.com.w01d6fed.kasserver.com\/de\/#organization"},"potentialAction":[{"@type":"SearchAction","target":{"@type":"EntryPoint","urlTemplate":"http:\/\/dragonflip.com.w01d6fed.kasserver.com\/de\/?s={search_term_string}"},"query-input":{"@type":"PropertyValueSpecification","valueRequired":true,"valueName":"search_term_string"}}],"inLanguage":"de"},{"@type":"Organization","@id":"http:\/\/dragonflip.com.w01d6fed.kasserver.com\/de\/#organization","name":"Dragonflip GmbH","url":"http:\/\/dragonflip.com.w01d6fed.kasserver.com\/de\/","logo":{"@type":"ImageObject","inLanguage":"de","@id":"http:\/\/dragonflip.com.w01d6fed.kasserver.com\/de\/#\/schema\/logo\/image\/","url":"https:\/\/dragonflip.com\/wp-content\/uploads\/2019\/07\/2019-07-31-logo-dragonflip-website-white.svg","contentUrl":"https:\/\/dragonflip.com\/wp-content\/uploads\/2019\/07\/2019-07-31-logo-dragonflip-website-white.svg","width":1,"height":1,"caption":"Dragonflip GmbH"},"image":{"@id":"http:\/\/dragonflip.com.w01d6fed.kasserver.com\/de\/#\/schema\/logo\/image\/"}}]}},"_links":{"self":[{"href":"https:\/\/dragonflip.com\/de\/wp-json\/wp\/v2\/pages\/7893","targetHints":{"allow":["GET"]}}],"collection":[{"href":"https:\/\/dragonflip.com\/de\/wp-json\/wp\/v2\/pages"}],"about":[{"href":"https:\/\/dragonflip.com\/de\/wp-json\/wp\/v2\/types\/page"}],"author":[{"embeddable":true,"href":"https:\/\/dragonflip.com\/de\/wp-json\/wp\/v2\/users\/6"}],"replies":[{"embeddable":true,"href":"https:\/\/dragonflip.com\/de\/wp-json\/wp\/v2\/comments?post=7893"}],"version-history":[{"count":22,"href":"https:\/\/dragonflip.com\/de\/wp-json\/wp\/v2\/pages\/7893\/revisions"}],"predecessor-version":[{"id":7924,"href":"https:\/\/dragonflip.com\/de\/wp-json\/wp\/v2\/pages\/7893\/revisions\/7924"}],"wp:attachment":[{"href":"https:\/\/dragonflip.com\/de\/wp-json\/wp\/v2\/media?parent=7893"}],"curies":[{"name":"wp","href":"https:\/\/api.w.org\/{rel}","templated":true}]}}